{"id":14,"date":"2022-11-30T14:48:02","date_gmt":"2022-11-30T14:48:02","guid":{"rendered":"http:\/\/dummy.xtemos.com\/woodmart2\/mega-electronics\/?page_id=14"},"modified":"2026-03-07T13:38:05","modified_gmt":"2026-03-07T12:38:05","slug":"compare","status":"publish","type":"page","link":"https:\/\/prosataudio.tn\/?page_id=14","title":{"rendered":"Compare"},"content":{"rendered":"<div class=\"wpb-content-wrapper\"><p>[vc_row][vc_column]\t\t<p class=\"wd-empty-compare wd-empty-page\">\n\t\t\tLa liste de comparaison est vide.\t\t<\/p>\n\t\t\t\t\t<div class=\"wd-empty-page-text\">\n\t\t\t\tAucun produit n\u2019a \u00e9t\u00e9 ajout\u00e9 \u00e0 la liste de comparaison. Vous devez ajouter quelques produits pour pouvoir les comparer. Vous trouverez de nombreux produits int\u00e9ressants sur notre page \u00ab Boutique \u00bb.\t\t\t<\/div>\n\t\t\t\t<p class=\"return-to-shop\">\n\t\t\t<a class=\"button\" href=\"https:\/\/prosataudio.tn\/?page_id=1163\">\n\t\t\t\tRetour \u00e0 la boutique\t\t\t<\/a>\n\t\t<\/p>\n\t\t[\/vc_column][\/vc_row]<\/p>\n<\/div>","protected":false},"excerpt":{"rendered":"<p>[vc_row][vc_column][\/vc_column][\/vc_row]<\/p>\n","protected":false},"author":1,"featured_media":0,"parent":0,"menu_order":0,"comment_status":"closed","ping_status":"closed","template":"","meta":{"footnotes":""},"class_list":["post-14","page","type-page","status-publish","hentry"],"_links":{"self":[{"href":"https:\/\/prosataudio.tn\/index.php?rest_route=\/wp\/v2\/pages\/14","targetHints":{"allow":["GET"]}}],"collection":[{"href":"https:\/\/prosataudio.tn\/index.php?rest_route=\/wp\/v2\/pages"}],"about":[{"href":"https:\/\/prosataudio.tn\/index.php?rest_route=\/wp\/v2\/types\/page"}],"author":[{"embeddable":true,"href":"https:\/\/prosataudio.tn\/index.php?rest_route=\/wp\/v2\/users\/1"}],"replies":[{"embeddable":true,"href":"https:\/\/prosataudio.tn\/index.php?rest_route=%2Fwp%2Fv2%2Fcomments&post=14"}],"version-history":[{"count":1,"href":"https:\/\/prosataudio.tn\/index.php?rest_route=\/wp\/v2\/pages\/14\/revisions"}],"predecessor-version":[{"id":1150,"href":"https:\/\/prosataudio.tn\/index.php?rest_route=\/wp\/v2\/pages\/14\/revisions\/1150"}],"wp:attachment":[{"href":"https:\/\/prosataudio.tn\/index.php?rest_route=%2Fwp%2Fv2%2Fmedia&parent=14"}],"curies":[{"name":"wp","href":"https:\/\/api.w.org\/{rel}","templated":true}]}}