{"id":7137,"date":"2025-06-04T12:21:27","date_gmt":"2025-06-04T10:21:27","guid":{"rendered":"https:\/\/prosataudio.tn\/?page_id=7137"},"modified":"2026-03-30T17:06:21","modified_gmt":"2026-03-30T15:06:21","slug":"en-arrivage","status":"publish","type":"page","link":"https:\/\/prosataudio.tn\/?page_id=7137","title":{"rendered":"En Arrivage"},"content":{"rendered":"<div class=\"wpb-content-wrapper\"><p>[vc_row][vc_column]<div class=\"woocommerce columns-4 \"><div class=\"wd-products-element\">\t\t\t<div class=\"wd-sticky-loader wd-content-loader\"><span class=\"wd-loader\"><\/span><\/div>\n\t\t\n<div class=\"products wd-products wd-grid-g grid-columns-3 elements-grid pagination-pagination\" data-source=\"main_loop\" data-min_price=\"\" data-max_price=\"\" data-columns=\"3\" style=\"--wd-col-lg:3;--wd-col-md:3;--wd-col-sm:2;--wd-gap-lg:20px;--wd-gap-sm:10px;\">\n<div class=\"wd-product wd-hover-standard wd-col product-grid-item product type-product post-6946 status-publish onbackorder product_cat-autres product_tag-350w product_tag-8-omhs has-post-thumbnail taxable shipping-taxable purchasable product-type-simple\" data-loop=\"1\" data-id=\"6946\">\n\t\t\t\t\n\t\n<div class=\"product-wrapper\">\n\t<div class=\"product-element-top wd-quick-shop\">\n\t\t<a href=\"https:\/\/prosataudio.tn\/?product=enceinte-passive-yamaha-cbr10\" class=\"product-image-link\">\n\t\t\t<img loading=\"lazy\" decoding=\"async\" width=\"400\" height=\"400\" src=\"https:\/\/prosataudio.tn\/wp-content\/uploads\/2025\/05\/passivce-CBR10-YAMAHA-img1.png\" class=\"attachment-woocommerce_thumbnail size-woocommerce_thumbnail\" alt=\"\" srcset=\"https:\/\/prosataudio.tn\/wp-content\/uploads\/2025\/05\/passivce-CBR10-YAMAHA-img1.png 400w, https:\/\/prosataudio.tn\/wp-content\/uploads\/2025\/05\/passivce-CBR10-YAMAHA-img1-300x300.png 300w, https:\/\/prosataudio.tn\/wp-content\/uploads\/2025\/05\/passivce-CBR10-YAMAHA-img1-150x150.png 150w, https:\/\/prosataudio.tn\/wp-content\/uploads\/2025\/05\/passivce-CBR10-YAMAHA-img1-64x64.png 64w, https:\/\/prosataudio.tn\/wp-content\/uploads\/2025\/05\/passivce-CBR10-YAMAHA-img1-80x80.png 80w\" sizes=\"auto, (max-width: 400px) 100vw, 400px\" \/>\t\t<\/a>\n\n\t\t\t\t\t<div class=\"hover-img\">\n\t\t\t\t<a href=\"https:\/\/prosataudio.tn\/?product=enceinte-passive-yamaha-cbr10\" aria-label=\"Product image\">\n\t\t\t\t\t<img loading=\"lazy\" decoding=\"async\" width=\"400\" height=\"400\" src=\"https:\/\/prosataudio.tn\/wp-content\/uploads\/2025\/05\/passivce-CBR10-YAMAHA-img3.png\" class=\"attachment-woocommerce_thumbnail size-woocommerce_thumbnail\" alt=\"\" srcset=\"https:\/\/prosataudio.tn\/wp-content\/uploads\/2025\/05\/passivce-CBR10-YAMAHA-img3.png 400w, https:\/\/prosataudio.tn\/wp-content\/uploads\/2025\/05\/passivce-CBR10-YAMAHA-img3-300x300.png 300w, https:\/\/prosataudio.tn\/wp-content\/uploads\/2025\/05\/passivce-CBR10-YAMAHA-img3-150x150.png 150w\" sizes=\"auto, (max-width: 400px) 100vw, 400px\" \/>\t\t\t\t<\/a>\n\t\t\t<\/div>\n\t\t\t\n\t\t<div class=\"wd-buttons wd-pos-r-t\">\n\t\t\t\t\t\t\t\t<div class=\"wd-compare-btn product-compare-button wd-action-btn wd-style-icon wd-compare-icon\">\n\t\t\t<a href=\"https:\/\/prosataudio.tn\/?page_id=14\" data-id=\"6946\" rel=\"nofollow\" data-added-text=\"Compare products\">\n\t\t\t\t<span>Ajouter \u00e0 la comparaison<\/span>\n\t\t\t<\/a>\n\t\t<\/div>\n\t\t\t\t\t\t\t<div class=\"quick-view wd-action-btn wd-style-icon wd-quick-view-icon\">\n\t\t\t<a\n\t\t\t\thref=\"https:\/\/prosataudio.tn\/?product=enceinte-passive-yamaha-cbr10\"\n\t\t\t\tclass=\"open-quick-view quick-view-button\"\n\t\t\t\trel=\"nofollow\"\n\t\t\t\tdata-id=\"6946\"\n\t\t\t\t>Quick view<\/a>\n\t\t<\/div>\n\t\t\t\t\t\t\t\t<div class=\"wd-wishlist-btn wd-action-btn wd-style-icon wd-wishlist-icon\">\n\t\t\t\t<a class=\"\" href=\"https:\/\/prosataudio.tn\/?page_id=16\" data-key=\"c44fd7e086\" data-product-id=\"6946\" rel=\"nofollow\" data-added-text=\"Browse Wishlist\">\n\t\t\t\t\t<span>Ajouter aux favoris<\/span>\n\t\t\t\t<\/a>\n\t\t\t<\/div>\n\t\t\t\t<\/div>\n\t<\/div>\n\n\t\n\t\n\t<h3 class=\"wd-entities-title\"><a href=\"https:\/\/prosataudio.tn\/?product=enceinte-passive-yamaha-cbr10\">ENCEINTE PASSIVE YAMAHA CBR10<\/a><\/h3>\n\t\t\t<div class=\"wd-product-cats\">\n\t\t\t<a href=\"https:\/\/prosataudio.tn\/?product_cat=autres\" rel=\"tag\">Autres<\/a>\t\t<\/div>\n\t\t\t\t\n\t\n\t<span class=\"price\"><span class=\"woocommerce-Price-amount amount\"><bdi><span class=\"woocommerce-Price-currencySymbol\">TND<\/span>&nbsp;1.250,000<\/bdi><\/span><\/span>\n\n\t<div class=\"wd-add-btn wd-add-btn-replace\">\n\t\t\n\t\t<a href=\"\/index.php?rest_route=%2Fwp%2Fv2%2Fpages%2F7137&#038;add-to-cart=6946\" aria-describedby=\"woocommerce_loop_add_to_cart_link_describedby_6946\" data-quantity=\"1\" class=\"button product_type_simple add_to_cart_button ajax_add_to_cart add-to-cart-loop\" data-product_id=\"6946\" data-product_sku=\"YAMAHA CBR10\" aria-label=\"Ajouter au panier\u00a0: &ldquo;ENCEINTE PASSIVE YAMAHA CBR10&rdquo;\" rel=\"nofollow\" data-success_message=\"\u00ab\u00a0ENCEINTE PASSIVE YAMAHA CBR10\u00a0\u00bb a \u00e9t\u00e9 ajout\u00e9 \u00e0 votre panier\" role=\"button\"><span>Ajouter au panier<\/span><\/a>\t<span id=\"woocommerce_loop_add_to_cart_link_describedby_6946\" class=\"screen-reader-text\">\n\t\t\t<\/span>\n\t<\/div>\n\n\t\n\t\n\t\t<\/div>\n<\/div>\n<div class=\"wd-product wd-hover-standard wd-col product-grid-item product type-product post-7319 status-publish onbackorder product_cat-micro-chant product_cat-microphone product_cat-sonorisation product_cat-sonorisation-live product_tag-karaoke product_tag-microphone-dynamique product_tag-studio has-post-thumbnail taxable shipping-taxable purchasable product-type-simple\" data-loop=\"2\" data-id=\"7319\">\n\t\n\t\n<div class=\"product-wrapper\">\n\t<div class=\"product-element-top wd-quick-shop\">\n\t\t<a href=\"https:\/\/prosataudio.tn\/?product=microphone-dynamique-professionnel-shupu-sm-9-5s\" class=\"product-image-link\">\n\t\t\t<div class=\"product-labels labels-rounded-sm\"><span class=\"new product-label\">New<\/span><\/div><img loading=\"lazy\" decoding=\"async\" width=\"600\" height=\"600\" src=\"https:\/\/prosataudio.tn\/wp-content\/uploads\/2026\/03\/SHUPU-SM-9.5S.avif\" class=\"attachment-woocommerce_thumbnail size-woocommerce_thumbnail\" alt=\"\" \/>\t\t<\/a>\n\n\t\t\t\t\t<div class=\"hover-img\">\n\t\t\t\t<a href=\"https:\/\/prosataudio.tn\/?product=microphone-dynamique-professionnel-shupu-sm-9-5s\" aria-label=\"Product image\">\n\t\t\t\t\t<img loading=\"lazy\" decoding=\"async\" width=\"600\" height=\"600\" src=\"https:\/\/prosataudio.tn\/wp-content\/uploads\/2026\/03\/SHUPU-SM-9.5S-1-600x600.png\" class=\"attachment-woocommerce_thumbnail size-woocommerce_thumbnail\" alt=\"\" srcset=\"https:\/\/prosataudio.tn\/wp-content\/uploads\/2026\/03\/SHUPU-SM-9.5S-1-600x600.png 600w, https:\/\/prosataudio.tn\/wp-content\/uploads\/2026\/03\/SHUPU-SM-9.5S-1-300x300.png 300w, https:\/\/prosataudio.tn\/wp-content\/uploads\/2026\/03\/SHUPU-SM-9.5S-1-150x150.png 150w, https:\/\/prosataudio.tn\/wp-content\/uploads\/2026\/03\/SHUPU-SM-9.5S-1.png 750w\" sizes=\"auto, (max-width: 600px) 100vw, 600px\" \/>\t\t\t\t<\/a>\n\t\t\t<\/div>\n\t\t\t\n\t\t<div class=\"wd-buttons wd-pos-r-t\">\n\t\t\t\t\t\t\t\t<div class=\"wd-compare-btn product-compare-button wd-action-btn wd-style-icon wd-compare-icon\">\n\t\t\t<a href=\"https:\/\/prosataudio.tn\/?page_id=14\" data-id=\"7319\" rel=\"nofollow\" data-added-text=\"Compare products\">\n\t\t\t\t<span>Ajouter \u00e0 la comparaison<\/span>\n\t\t\t<\/a>\n\t\t<\/div>\n\t\t\t\t\t\t\t<div class=\"quick-view wd-action-btn wd-style-icon wd-quick-view-icon\">\n\t\t\t<a\n\t\t\t\thref=\"https:\/\/prosataudio.tn\/?product=microphone-dynamique-professionnel-shupu-sm-9-5s\"\n\t\t\t\tclass=\"open-quick-view quick-view-button\"\n\t\t\t\trel=\"nofollow\"\n\t\t\t\tdata-id=\"7319\"\n\t\t\t\t>Quick view<\/a>\n\t\t<\/div>\n\t\t\t\t\t\t\t\t<div class=\"wd-wishlist-btn wd-action-btn wd-style-icon wd-wishlist-icon\">\n\t\t\t\t<a class=\"\" href=\"https:\/\/prosataudio.tn\/?page_id=16\" data-key=\"c44fd7e086\" data-product-id=\"7319\" rel=\"nofollow\" data-added-text=\"Browse Wishlist\">\n\t\t\t\t\t<span>Ajouter aux favoris<\/span>\n\t\t\t\t<\/a>\n\t\t\t<\/div>\n\t\t\t\t<\/div>\n\t<\/div>\n\n\t\n\t\n\t<h3 class=\"wd-entities-title\"><a href=\"https:\/\/prosataudio.tn\/?product=microphone-dynamique-professionnel-shupu-sm-9-5s\">Microphone dynamique professionnel SHUPU SM-9.5S<\/a><\/h3>\n\t\t\t<div class=\"wd-product-cats\">\n\t\t\t<a href=\"https:\/\/prosataudio.tn\/?product_cat=microphone\" rel=\"tag\">MICROPHONE<\/a>, <a href=\"https:\/\/prosataudio.tn\/?product_cat=micro-chant\" rel=\"tag\">MICRO CHANT<\/a>, <a href=\"https:\/\/prosataudio.tn\/?product_cat=sonorisation-live\" rel=\"tag\">SONORISATION LIVE<\/a>, <a href=\"https:\/\/prosataudio.tn\/?product_cat=sonorisation\" rel=\"tag\">Sonorisation<\/a>\t\t<\/div>\n\t\t\t\t\n\t\n\t<span class=\"price\"><span class=\"woocommerce-Price-amount amount\"><bdi><span class=\"woocommerce-Price-currencySymbol\">TND<\/span>&nbsp;320,000<\/bdi><\/span><\/span>\n\n\t<div class=\"wd-add-btn wd-add-btn-replace\">\n\t\t\n\t\t<a href=\"\/index.php?rest_route=%2Fwp%2Fv2%2Fpages%2F7137&#038;add-to-cart=7319\" aria-describedby=\"woocommerce_loop_add_to_cart_link_describedby_7319\" data-quantity=\"1\" class=\"button product_type_simple add_to_cart_button ajax_add_to_cart add-to-cart-loop\" data-product_id=\"7319\" data-product_sku=\"SHUPU SM-9.5S\" aria-label=\"Ajouter au panier\u00a0: &ldquo;Microphone dynamique professionnel SHUPU SM-9.5S&rdquo;\" rel=\"nofollow\" data-success_message=\"\u00ab\u00a0Microphone dynamique professionnel SHUPU SM-9.5S\u00a0\u00bb a \u00e9t\u00e9 ajout\u00e9 \u00e0 votre panier\" role=\"button\"><span>Ajouter au panier<\/span><\/a>\t<span id=\"woocommerce_loop_add_to_cart_link_describedby_7319\" class=\"screen-reader-text\">\n\t\t\t<\/span>\n\t<\/div>\n\n\t\n\t\n\t\t<\/div>\n<\/div>\n<div class=\"wd-product wd-hover-standard wd-col product-grid-item product type-product post-7614 status-publish last instock product_cat-accessoires product_cat-composants product_cat-sonorisation product_cat-sonorisation-live product_tag-amplificateur product_tag-amplificateur-professionnel product_tag-enceinte-active has-post-thumbnail taxable shipping-taxable purchasable product-type-simple\" data-loop=\"3\" data-id=\"7614\">\n\t\n\t\n<div class=\"product-wrapper\">\n\t<div class=\"product-element-top wd-quick-shop\">\n\t\t<a href=\"https:\/\/prosataudio.tn\/?product=module-amplificateur-professionnel-pour-enceinte-active\" class=\"product-image-link\">\n\t\t\t<div class=\"product-labels labels-rounded-sm\"><span class=\"new product-label\">New<\/span><\/div><img loading=\"lazy\" decoding=\"async\" width=\"600\" height=\"600\" src=\"https:\/\/prosataudio.tn\/wp-content\/uploads\/2026\/03\/TB8002-3.avif\" class=\"attachment-woocommerce_thumbnail size-woocommerce_thumbnail\" alt=\"\" \/>\t\t<\/a>\n\n\t\t\t\t\t<div class=\"hover-img\">\n\t\t\t\t<a href=\"https:\/\/prosataudio.tn\/?product=module-amplificateur-professionnel-pour-enceinte-active\" aria-label=\"Product image\">\n\t\t\t\t\t<img loading=\"lazy\" decoding=\"async\" width=\"600\" height=\"600\" src=\"https:\/\/prosataudio.tn\/wp-content\/uploads\/2026\/03\/TB8002-1-600x600.jpg\" class=\"attachment-woocommerce_thumbnail size-woocommerce_thumbnail\" alt=\"\" srcset=\"https:\/\/prosataudio.tn\/wp-content\/uploads\/2026\/03\/TB8002-1-600x600.jpg 600w, https:\/\/prosataudio.tn\/wp-content\/uploads\/2026\/03\/TB8002-1-300x300.jpg 300w, https:\/\/prosataudio.tn\/wp-content\/uploads\/2026\/03\/TB8002-1-150x150.jpg 150w, https:\/\/prosataudio.tn\/wp-content\/uploads\/2026\/03\/TB8002-1.jpg 640w\" sizes=\"auto, (max-width: 600px) 100vw, 600px\" \/>\t\t\t\t<\/a>\n\t\t\t<\/div>\n\t\t\t\n\t\t<div class=\"wd-buttons wd-pos-r-t\">\n\t\t\t\t\t\t\t\t<div class=\"wd-compare-btn product-compare-button wd-action-btn wd-style-icon wd-compare-icon\">\n\t\t\t<a href=\"https:\/\/prosataudio.tn\/?page_id=14\" data-id=\"7614\" rel=\"nofollow\" data-added-text=\"Compare products\">\n\t\t\t\t<span>Ajouter \u00e0 la comparaison<\/span>\n\t\t\t<\/a>\n\t\t<\/div>\n\t\t\t\t\t\t\t<div class=\"quick-view wd-action-btn wd-style-icon wd-quick-view-icon\">\n\t\t\t<a\n\t\t\t\thref=\"https:\/\/prosataudio.tn\/?product=module-amplificateur-professionnel-pour-enceinte-active\"\n\t\t\t\tclass=\"open-quick-view quick-view-button\"\n\t\t\t\trel=\"nofollow\"\n\t\t\t\tdata-id=\"7614\"\n\t\t\t\t>Quick view<\/a>\n\t\t<\/div>\n\t\t\t\t\t\t\t\t<div class=\"wd-wishlist-btn wd-action-btn wd-style-icon wd-wishlist-icon\">\n\t\t\t\t<a class=\"\" href=\"https:\/\/prosataudio.tn\/?page_id=16\" data-key=\"c44fd7e086\" data-product-id=\"7614\" rel=\"nofollow\" data-added-text=\"Browse Wishlist\">\n\t\t\t\t\t<span>Ajouter aux favoris<\/span>\n\t\t\t\t<\/a>\n\t\t\t<\/div>\n\t\t\t\t<\/div>\n\t<\/div>\n\n\t\n\t\n\t<h3 class=\"wd-entities-title\"><a href=\"https:\/\/prosataudio.tn\/?product=module-amplificateur-professionnel-pour-enceinte-active\">Module Amplificateur Professionnel pour Enceinte Active<\/a><\/h3>\n\t\t\t<div class=\"wd-product-cats\">\n\t\t\t<a href=\"https:\/\/prosataudio.tn\/?product_cat=sonorisation-live\" rel=\"tag\">SONORISATION LIVE<\/a>, <a href=\"https:\/\/prosataudio.tn\/?product_cat=accessoires\" rel=\"tag\">ACCESSOIRES<\/a>, <a href=\"https:\/\/prosataudio.tn\/?product_cat=composants\" rel=\"tag\">COMPOSANTS<\/a>, <a href=\"https:\/\/prosataudio.tn\/?product_cat=sonorisation\" rel=\"tag\">Sonorisation<\/a>\t\t<\/div>\n\t\t\t\t\n\t\n\t<span class=\"price\"><span class=\"woocommerce-Price-amount amount\"><bdi><span class=\"woocommerce-Price-currencySymbol\">TND<\/span>&nbsp;2.090,000<\/bdi><\/span><\/span>\n\n\t<div class=\"wd-add-btn wd-add-btn-replace\">\n\t\t\n\t\t<a href=\"\/index.php?rest_route=%2Fwp%2Fv2%2Fpages%2F7137&#038;add-to-cart=7614\" aria-describedby=\"woocommerce_loop_add_to_cart_link_describedby_7614\" data-quantity=\"1\" class=\"button product_type_simple add_to_cart_button ajax_add_to_cart add-to-cart-loop\" data-product_id=\"7614\" data-product_sku=\"TB-8002\" aria-label=\"Ajouter au panier\u00a0: &ldquo;Module Amplificateur Professionnel pour Enceinte Active&rdquo;\" rel=\"nofollow\" data-success_message=\"\u00ab\u00a0Module Amplificateur Professionnel pour Enceinte Active\u00a0\u00bb a \u00e9t\u00e9 ajout\u00e9 \u00e0 votre panier\" role=\"button\"><span>Ajouter au panier<\/span><\/a>\t<span id=\"woocommerce_loop_add_to_cart_link_describedby_7614\" class=\"screen-reader-text\">\n\t\t\t<\/span>\n\t<\/div>\n\n\t\n\t\n\t\t<\/div>\n<\/div>\n<div class=\"wd-product wd-hover-standard wd-col product-grid-item product type-product post-7976 status-publish first instock product_cat-micro-sans-fil-a-man product_cat-microphone product_cat-sonorisation product_cat-sonorisation-live product_tag-karaoke product_tag-mosquee product_tag-sonorisation product_tag-systeme-uhf product_tag-uhf product_tag-wireless has-post-thumbnail taxable shipping-taxable purchasable product-type-simple\" data-loop=\"4\" data-id=\"7976\">\n\t\n\t\n<div class=\"product-wrapper\">\n\t<div class=\"product-element-top wd-quick-shop\">\n\t\t<a href=\"https:\/\/prosataudio.tn\/?product=systeme-micro-cravate-sans-fil-bnk-bk-201\" class=\"product-image-link\">\n\t\t\t<div class=\"product-labels labels-rounded-sm\"><span class=\"new product-label\">New<\/span><\/div><img loading=\"lazy\" decoding=\"async\" width=\"600\" height=\"600\" src=\"https:\/\/prosataudio.tn\/wp-content\/uploads\/2026\/03\/BK201-1-600x600.png\" class=\"attachment-woocommerce_thumbnail size-woocommerce_thumbnail\" alt=\"\" srcset=\"https:\/\/prosataudio.tn\/wp-content\/uploads\/2026\/03\/BK201-1-600x600.png 600w, https:\/\/prosataudio.tn\/wp-content\/uploads\/2026\/03\/BK201-1-300x300.png 300w, https:\/\/prosataudio.tn\/wp-content\/uploads\/2026\/03\/BK201-1-150x150.png 150w, https:\/\/prosataudio.tn\/wp-content\/uploads\/2026\/03\/BK201-1-768x768.png 768w, https:\/\/prosataudio.tn\/wp-content\/uploads\/2026\/03\/BK201-1.png 800w\" sizes=\"auto, (max-width: 600px) 100vw, 600px\" \/>\t\t<\/a>\n\n\t\t\t\t\t<div class=\"hover-img\">\n\t\t\t\t<a href=\"https:\/\/prosataudio.tn\/?product=systeme-micro-cravate-sans-fil-bnk-bk-201\" aria-label=\"Product image\">\n\t\t\t\t\t<img loading=\"lazy\" decoding=\"async\" width=\"600\" height=\"600\" src=\"https:\/\/prosataudio.tn\/wp-content\/uploads\/2026\/03\/bk201-600x600.png\" class=\"attachment-woocommerce_thumbnail size-woocommerce_thumbnail\" alt=\"\" srcset=\"https:\/\/prosataudio.tn\/wp-content\/uploads\/2026\/03\/bk201-600x600.png 600w, https:\/\/prosataudio.tn\/wp-content\/uploads\/2026\/03\/bk201-300x300.png 300w, https:\/\/prosataudio.tn\/wp-content\/uploads\/2026\/03\/bk201-150x150.png 150w, https:\/\/prosataudio.tn\/wp-content\/uploads\/2026\/03\/bk201.png 640w\" sizes=\"auto, (max-width: 600px) 100vw, 600px\" \/>\t\t\t\t<\/a>\n\t\t\t<\/div>\n\t\t\t\n\t\t<div class=\"wd-buttons wd-pos-r-t\">\n\t\t\t\t\t\t\t\t<div class=\"wd-compare-btn product-compare-button wd-action-btn wd-style-icon wd-compare-icon\">\n\t\t\t<a href=\"https:\/\/prosataudio.tn\/?page_id=14\" data-id=\"7976\" rel=\"nofollow\" data-added-text=\"Compare products\">\n\t\t\t\t<span>Ajouter \u00e0 la comparaison<\/span>\n\t\t\t<\/a>\n\t\t<\/div>\n\t\t\t\t\t\t\t<div class=\"quick-view wd-action-btn wd-style-icon wd-quick-view-icon\">\n\t\t\t<a\n\t\t\t\thref=\"https:\/\/prosataudio.tn\/?product=systeme-micro-cravate-sans-fil-bnk-bk-201\"\n\t\t\t\tclass=\"open-quick-view quick-view-button\"\n\t\t\t\trel=\"nofollow\"\n\t\t\t\tdata-id=\"7976\"\n\t\t\t\t>Quick view<\/a>\n\t\t<\/div>\n\t\t\t\t\t\t\t\t<div class=\"wd-wishlist-btn wd-action-btn wd-style-icon wd-wishlist-icon\">\n\t\t\t\t<a class=\"\" href=\"https:\/\/prosataudio.tn\/?page_id=16\" data-key=\"c44fd7e086\" data-product-id=\"7976\" rel=\"nofollow\" data-added-text=\"Browse Wishlist\">\n\t\t\t\t\t<span>Ajouter aux favoris<\/span>\n\t\t\t\t<\/a>\n\t\t\t<\/div>\n\t\t\t\t<\/div>\n\t<\/div>\n\n\t\n\t\n\t<h3 class=\"wd-entities-title\"><a href=\"https:\/\/prosataudio.tn\/?product=systeme-micro-cravate-sans-fil-bnk-bk-201\">Syst\u00e8me micro-cravate sans fil BNK BK-201<\/a><\/h3>\n\t\t\t<div class=\"wd-product-cats\">\n\t\t\t<a href=\"https:\/\/prosataudio.tn\/?product_cat=microphone\" rel=\"tag\">MICROPHONE<\/a>, <a href=\"https:\/\/prosataudio.tn\/?product_cat=micro-sans-fil-a-man\" rel=\"tag\">MICRO SANS FIL A MAN<\/a>, <a href=\"https:\/\/prosataudio.tn\/?product_cat=sonorisation-live\" rel=\"tag\">SONORISATION LIVE<\/a>, <a href=\"https:\/\/prosataudio.tn\/?product_cat=sonorisation\" rel=\"tag\">Sonorisation<\/a>\t\t<\/div>\n\t\t\t\t\n\t\n\t<span class=\"price\"><span class=\"woocommerce-Price-amount amount\"><bdi><span class=\"woocommerce-Price-currencySymbol\">TND<\/span>&nbsp;358,000<\/bdi><\/span><\/span>\n\n\t<div class=\"wd-add-btn wd-add-btn-replace\">\n\t\t\n\t\t<a href=\"\/index.php?rest_route=%2Fwp%2Fv2%2Fpages%2F7137&#038;add-to-cart=7976\" aria-describedby=\"woocommerce_loop_add_to_cart_link_describedby_7976\" data-quantity=\"1\" class=\"button product_type_simple add_to_cart_button ajax_add_to_cart add-to-cart-loop\" data-product_id=\"7976\" data-product_sku=\"BK201\" aria-label=\"Ajouter au panier\u00a0: &ldquo;Syst\u00e8me micro-cravate sans fil BNK BK-201&rdquo;\" rel=\"nofollow\" data-success_message=\"\u00ab\u00a0Syst\u00e8me micro-cravate sans fil BNK BK-201\u00a0\u00bb a \u00e9t\u00e9 ajout\u00e9 \u00e0 votre panier\" role=\"button\"><span>Ajouter au panier<\/span><\/a>\t<span id=\"woocommerce_loop_add_to_cart_link_describedby_7976\" class=\"screen-reader-text\">\n\t\t\t<\/span>\n\t<\/div>\n\n\t\n\t\n\t\t<\/div>\n<\/div>\n<\/div>\n<\/div><\/div>[\/vc_column][\/vc_row]<\/p>\n<\/div>","protected":false},"excerpt":{"rendered":"<p>[vc_row][vc_column][\/vc_column][\/vc_row]<\/p>\n","protected":false},"author":1,"featured_media":0,"parent":0,"menu_order":0,"comment_status":"closed","ping_status":"closed","template":"","meta":{"footnotes":""},"class_list":["post-7137","page","type-page","status-publish","hentry"],"_links":{"self":[{"href":"https:\/\/prosataudio.tn\/index.php?rest_route=\/wp\/v2\/pages\/7137","targetHints":{"allow":["GET"]}}],"collection":[{"href":"https:\/\/prosataudio.tn\/index.php?rest_route=\/wp\/v2\/pages"}],"about":[{"href":"https:\/\/prosataudio.tn\/index.php?rest_route=\/wp\/v2\/types\/page"}],"author":[{"embeddable":true,"href":"https:\/\/prosataudio.tn\/index.php?rest_route=\/wp\/v2\/users\/1"}],"replies":[{"embeddable":true,"href":"https:\/\/prosataudio.tn\/index.php?rest_route=%2Fwp%2Fv2%2Fcomments&post=7137"}],"version-history":[{"count":4,"href":"https:\/\/prosataudio.tn\/index.php?rest_route=\/wp\/v2\/pages\/7137\/revisions"}],"predecessor-version":[{"id":7983,"href":"https:\/\/prosataudio.tn\/index.php?rest_route=\/wp\/v2\/pages\/7137\/revisions\/7983"}],"wp:attachment":[{"href":"https:\/\/prosataudio.tn\/index.php?rest_route=%2Fwp%2Fv2%2Fmedia&parent=7137"}],"curies":[{"name":"wp","href":"https:\/\/api.w.org\/{rel}","templated":true}]}}