{"id":6946,"date":"2025-05-28T18:40:51","date_gmt":"2025-05-28T16:40:51","guid":{"rendered":"https:\/\/prosataudio.tn\/?post_type=product&#038;p=6946"},"modified":"2026-03-08T01:40:47","modified_gmt":"2026-03-08T00:40:47","slug":"enceinte-passive-yamaha-cbr10","status":"publish","type":"product","link":"https:\/\/prosataudio.tn\/?product=enceinte-passive-yamaha-cbr10","title":{"rendered":"ENCEINTE PASSIVE YAMAHA CBR10"},"content":{"rendered":"<div class=\"wpb-content-wrapper\"><p>[vc_row css=\u00a0\u00bb.vc_custom_1666272380651{margin-bottom: 80px !important;}\u00a0\u00bb woodmart_css_id=\u00a0\u00bb63514c723c2f3&Prime; responsive_spacing=\u00a0\u00bbeyJwYXJhbV90eXBlIjoid29vZG1hcnRfcmVzcG9uc2l2ZV9zcGFjaW5nIiwic2VsZWN0b3JfaWQiOiI2MzUxNGM3MjNjMmYzIiwic2hvcnRjb2RlIjoidmNfcm93IiwiZGF0YSI6eyJ0YWJsZXQiOnsibWFyZ2luLWJvdHRvbSI6IjYwIn0sIm1vYmlsZSI6eyJtYXJnaW4tYm90dG9tIjoiNDAifX19&Prime; mobile_bg_img_hidden=\u00a0\u00bbno\u00a0\u00bb tablet_bg_img_hidden=\u00a0\u00bbno\u00a0\u00bb woodmart_parallax=\u00a0\u00bb0&Prime; woodmart_gradient_switch=\u00a0\u00bbno\u00a0\u00bb woodmart_box_shadow=\u00a0\u00bbno\u00a0\u00bb wd_z_index=\u00a0\u00bbno\u00a0\u00bb woodmart_disable_overflow=\u00a0\u00bb0&Prime; row_reverse_mobile=\u00a0\u00bb0&Prime; row_reverse_tablet=\u00a0\u00bb0&Prime;][vc_column css=\u00a0\u00bb.vc_custom_1666272391679{padding-top: 0px !important;}\u00a0\u00bb woodmart_css_id=\u00a0\u00bb63514c8260958&Prime; parallax_scroll=\u00a0\u00bbno\u00a0\u00bb woodmart_sticky_column=\u00a0\u00bbfalse\u00a0\u00bb wd_collapsible_content_switcher=\u00a0\u00bbno\u00a0\u00bb wd_column_role_offcanvas_desktop=\u00a0\u00bbno\u00a0\u00bb wd_column_role_offcanvas_tablet=\u00a0\u00bbno\u00a0\u00bb wd_column_role_offcanvas_mobile=\u00a0\u00bbno\u00a0\u00bb wd_column_role_content_desktop=\u00a0\u00bbno\u00a0\u00bb wd_column_role_content_tablet=\u00a0\u00bbno\u00a0\u00bb wd_column_role_content_mobile=\u00a0\u00bbno\u00a0\u00bb mobile_bg_img_hidden=\u00a0\u00bbno\u00a0\u00bb tablet_bg_img_hidden=\u00a0\u00bbno\u00a0\u00bb woodmart_parallax=\u00a0\u00bb0&Prime; woodmart_box_shadow=\u00a0\u00bbno\u00a0\u00bb responsive_spacing=\u00a0\u00bbeyJwYXJhbV90eXBlIjoid29vZG1hcnRfcmVzcG9uc2l2ZV9zcGFjaW5nIiwic2VsZWN0b3JfaWQiOiI2MzUxNGM4MjYwOTU4Iiwic2hvcnRjb2RlIjoidmNfY29sdW1uIiwiZGF0YSI6eyJ0YWJsZXQiOnt9LCJtb2JpbGUiOnt9fX0=\u00a0\u00bb mobile_reset_margin=\u00a0\u00bbno\u00a0\u00bb tablet_reset_margin=\u00a0\u00bbno\u00a0\u00bb wd_z_index=\u00a0\u00bbno\u00a0\u00bb]\n\t\t<div id=\"wd-68387e0e9aaac\" class=\"title-wrapper wd-wpb wd-set-mb reset-last-child  wd-rs-68387e0e9aaac wd-title-color-default wd-title-style-default text-center  wd-underline-colored\">\n\t\t\t\n\t\t\t<div class=\"liner-continer\">\n\t\t\t\t<h4 class=\"woodmart-title-container title  wd-font-weight- wd-fontsize-l\" >ENCEINTE PASSIVE YAMAHA CBR10 350W 10<\/h4>\n\t\t\t\t\t\t\t<\/div>\n\t\t\t\n\t\t\t\n\t\t\t\n\t\t<\/div>\n\t\t\n\t\t\t\t<div id=\"wd-68387e15cf216\" class=\"wd-image wd-wpb wd-rs-68387e15cf216 text-center \">\n\t\t\t\n\t\t\t<img loading=\"lazy\" decoding=\"async\" width=\"300\" height=\"300\" src=\"https:\/\/prosataudio.tn\/wp-content\/uploads\/2025\/05\/passivce-CBR10-YAMAHA-img3-300x300.png\" class=\"attachment-medium size-medium\" alt=\"\" srcset=\"https:\/\/prosataudio.tn\/wp-content\/uploads\/2025\/05\/passivce-CBR10-YAMAHA-img3-300x300.png 300w, https:\/\/prosataudio.tn\/wp-content\/uploads\/2025\/05\/passivce-CBR10-YAMAHA-img3-150x150.png 150w, https:\/\/prosataudio.tn\/wp-content\/uploads\/2025\/05\/passivce-CBR10-YAMAHA-img3.png 400w\" sizes=\"auto, (max-width: 300px) 100vw, 300px\" \/>\n\t\t\t\t\t<\/div>\n\t\t\t\t<div id=\"wd-68387e393aee6\" class=\"wd-text-block wd-wpb reset-last-child wd-rs-68387e393aee6 text-left vc_custom_1748532799055\">\n\t\t\t<p>L&rsquo;enceinte passive Yamaha CBR10 est \u00e9quip\u00e9e d&rsquo;un haut-parleur de 10 pouces qui d\u00e9livre 350W de puissance sous 8 ohms.<br \/>\nLes dimensions et le poids de cette enceinte permettent des applications portables et en installation.<\/p>\n<p>La CBR10, qui est le mod\u00e8le le plus compact de la s\u00e9rie CBR, propose des performances audio exceptionnelles compte tenu de ses dimensions et de son poids, tout en assurant une puissance \u00e9tonnante , elle sera donc id\u00e9ale dans une gamme d\u2019applications \u00e9tendue: sonorisation de fa\u00e7ade, retours de sc\u00e8ne ou installation.<\/p>\n\t\t<\/div>\n\t\t[\/vc_column][\/vc_row][vc_row css=\u00a0\u00bb.vc_custom_1666272380651{margin-bottom: 80px !important;}\u00a0\u00bb woodmart_css_id=\u00a0\u00bb63514c723c2f3&Prime; responsive_spacing=\u00a0\u00bbeyJwYXJhbV90eXBlIjoid29vZG1hcnRfcmVzcG9uc2l2ZV9zcGFjaW5nIiwic2VsZWN0b3JfaWQiOiI2MzUxNGM3MjNjMmYzIiwic2hvcnRjb2RlIjoidmNfcm93IiwiZGF0YSI6eyJ0YWJsZXQiOnsibWFyZ2luLWJvdHRvbSI6IjYwIn0sIm1vYmlsZSI6eyJtYXJnaW4tYm90dG9tIjoiNDAifX19&Prime; mobile_bg_img_hidden=\u00a0\u00bbno\u00a0\u00bb tablet_bg_img_hidden=\u00a0\u00bbno\u00a0\u00bb woodmart_parallax=\u00a0\u00bb0&Prime; woodmart_gradient_switch=\u00a0\u00bbno\u00a0\u00bb woodmart_box_shadow=\u00a0\u00bbno\u00a0\u00bb wd_z_index=\u00a0\u00bbno\u00a0\u00bb woodmart_disable_overflow=\u00a0\u00bb0&Prime; row_reverse_mobile=\u00a0\u00bb0&Prime; row_reverse_tablet=\u00a0\u00bb0&Prime;][vc_column css=\u00a0\u00bb.vc_custom_1666272391679{padding-top: 0px !important;}\u00a0\u00bb woodmart_css_id=\u00a0\u00bb63514c8260958&Prime; parallax_scroll=\u00a0\u00bbno\u00a0\u00bb woodmart_sticky_column=\u00a0\u00bbfalse\u00a0\u00bb wd_collapsible_content_switcher=\u00a0\u00bbno\u00a0\u00bb wd_column_role_offcanvas_desktop=\u00a0\u00bbno\u00a0\u00bb wd_column_role_offcanvas_tablet=\u00a0\u00bbno\u00a0\u00bb wd_column_role_offcanvas_mobile=\u00a0\u00bbno\u00a0\u00bb wd_column_role_content_desktop=\u00a0\u00bbno\u00a0\u00bb wd_column_role_content_tablet=\u00a0\u00bbno\u00a0\u00bb wd_column_role_content_mobile=\u00a0\u00bbno\u00a0\u00bb mobile_bg_img_hidden=\u00a0\u00bbno\u00a0\u00bb tablet_bg_img_hidden=\u00a0\u00bbno\u00a0\u00bb woodmart_parallax=\u00a0\u00bb0&Prime; woodmart_box_shadow=\u00a0\u00bbno\u00a0\u00bb responsive_spacing=\u00a0\u00bbeyJwYXJhbV90eXBlIjoid29vZG1hcnRfcmVzcG9uc2l2ZV9zcGFjaW5nIiwic2VsZWN0b3JfaWQiOiI2MzUxNGM4MjYwOTU4Iiwic2hvcnRjb2RlIjoidmNfY29sdW1uIiwiZGF0YSI6eyJ0YWJsZXQiOnt9LCJtb2JpbGUiOnt9fX0=\u00a0\u00bb mobile_reset_margin=\u00a0\u00bbno\u00a0\u00bb tablet_reset_margin=\u00a0\u00bbno\u00a0\u00bb wd_z_index=\u00a0\u00bbno\u00a0\u00bb]\n\t\t<div id=\"wd-683880844f515\" class=\"title-wrapper wd-wpb wd-set-mb reset-last-child  wd-rs-683880844f515 wd-title-color-default wd-title-style-default text-center  wd-underline-colored\">\n\t\t\t\n\t\t\t<div class=\"liner-continer\">\n\t\t\t\t<h4 class=\"woodmart-title-container title  wd-font-weight- wd-fontsize-l\" >Une enceinte polyvalente<\/h4>\n\t\t\t\t\t\t\t<\/div>\n\t\t\t\n\t\t\t\n\t\t\t\n\t\t<\/div>\n\t\t\n\t\t\t\t<div id=\"wd-68388097c037d\" class=\"wd-image wd-wpb wd-rs-68388097c037d text-center \">\n\t\t\t\n\t\t\t<img loading=\"lazy\" decoding=\"async\" width=\"300\" height=\"300\" src=\"https:\/\/prosataudio.tn\/wp-content\/uploads\/2025\/05\/sonorisations-sonos-enceintes-amplifiees-actives-2000w-139db-spl-yamaha-dzr15-img8-300x300.jpg\" class=\"attachment-medium size-medium\" alt=\"\" srcset=\"https:\/\/prosataudio.tn\/wp-content\/uploads\/2025\/05\/sonorisations-sonos-enceintes-amplifiees-actives-2000w-139db-spl-yamaha-dzr15-img8-300x300.jpg 300w, https:\/\/prosataudio.tn\/wp-content\/uploads\/2025\/05\/sonorisations-sonos-enceintes-amplifiees-actives-2000w-139db-spl-yamaha-dzr15-img8-600x600.jpg 600w, https:\/\/prosataudio.tn\/wp-content\/uploads\/2025\/05\/sonorisations-sonos-enceintes-amplifiees-actives-2000w-139db-spl-yamaha-dzr15-img8-150x150.jpg 150w, https:\/\/prosataudio.tn\/wp-content\/uploads\/2025\/05\/sonorisations-sonos-enceintes-amplifiees-actives-2000w-139db-spl-yamaha-dzr15-img8-768x768.jpg 768w, https:\/\/prosataudio.tn\/wp-content\/uploads\/2025\/05\/sonorisations-sonos-enceintes-amplifiees-actives-2000w-139db-spl-yamaha-dzr15-img8.jpg 800w\" sizes=\"auto, (max-width: 300px) 100vw, 300px\" \/>\n\t\t\t\t\t<\/div>\n\t\t\t\t<div id=\"wd-683880db47183\" class=\"wd-text-block wd-wpb reset-last-child wd-rs-683880db47183 text-left vc_custom_1748533476184\">\n\t\t\t<p><span class=\"db mt20 grid-100\">La CBR10 est une enceinte passive dot\u00e9e d\u2019un woofer de 10 pouces et d\u2019un driver \u00e0 compression de 1 pouce qui se chargeront de vous offrir des basses profondes et des aigus tr\u00e8s pr\u00e9cis, m\u00eame \u00e0 un volume \u00e9lev\u00e9. Le tweeter b\u00e9n\u00e9ficie d\u2019ailleurs d\u2019un circuit de protection, vous pourrez donc le pousser dans ses derniers retranchements sans que la qualit\u00e9 des aigus d\u00e9livr\u00e9s ne se voit alt\u00e9r\u00e9e. Niveau puissance, la CBR10 vous offrira pas moins de 350 watts en continu, de quoi ais\u00e9ment sonoriser des petites sc\u00e8nes. C\u00f4t\u00e9 connectique, l\u2019enceinte est \u00e9quip\u00e9e de connecteurs jack 6,35 mm et Neutrik SpeakON qui vous permettront de la connecter \u00e0 un amplificateur. Notez enfin que la CBR10 pourra \u00e9galement \u00eatre utilis\u00e9e en tant que retour de sc\u00e8ne.<\/span><\/p>\n\t\t<\/div>\n\t\t[vc_empty_space woodmart_hide_large=\u00a0\u00bb0&Prime; woodmart_hide_medium=\u00a0\u00bb0&Prime; woodmart_hide_small=\u00a0\u00bb0&Prime;][vc_video link=\u00a0\u00bbhttps:\/\/youtu.be\/zgDqn4VeEwU\u00a0\u00bb css=\u00a0\u00bb\u00a0\u00bb woodmart_css_id=\u00a0\u00bb683880fcd4eaa\u00a0\u00bb image_poster_switch=\u00a0\u00bbno\u00a0\u00bb][\/vc_column][\/vc_row]<\/p>\n<\/div>","protected":false},"excerpt":{"rendered":"<p>La CBR10 est le mod\u00e8le le plus compact de la gamme. Tout en assurant une puissance \u00e9tonnante compte tenu de ses dimensions et de son poids, la CBR10 est id\u00e9ale pour les applications portables et en installation.<\/p>\n","protected":false},"featured_media":6960,"template":"","meta":[],"product_brand":[207],"product_cat":[247],"product_tag":[212,213],"class_list":{"0":"post-6946","1":"product","2":"type-product","3":"status-publish","4":"has-post-thumbnail","6":"product_brand-yamaha","7":"product_cat-autres","8":"product_tag-350w","9":"product_tag-8-omhs","11":"first","12":"onbackorder","13":"taxable","14":"shipping-taxable","15":"purchasable","16":"product-type-simple"},"_links":{"self":[{"href":"https:\/\/prosataudio.tn\/index.php?rest_route=\/wp\/v2\/product\/6946","targetHints":{"allow":["GET"]}}],"collection":[{"href":"https:\/\/prosataudio.tn\/index.php?rest_route=\/wp\/v2\/product"}],"about":[{"href":"https:\/\/prosataudio.tn\/index.php?rest_route=\/wp\/v2\/types\/product"}],"wp:featuredmedia":[{"embeddable":true,"href":"https:\/\/prosataudio.tn\/index.php?rest_route=\/wp\/v2\/media\/6960"}],"wp:attachment":[{"href":"https:\/\/prosataudio.tn\/index.php?rest_route=%2Fwp%2Fv2%2Fmedia&parent=6946"}],"wp:term":[{"taxonomy":"product_brand","embeddable":true,"href":"https:\/\/prosataudio.tn\/index.php?rest_route=%2Fwp%2Fv2%2Fproduct_brand&post=6946"},{"taxonomy":"product_cat","embeddable":true,"href":"https:\/\/prosataudio.tn\/index.php?rest_route=%2Fwp%2Fv2%2Fproduct_cat&post=6946"},{"taxonomy":"product_tag","embeddable":true,"href":"https:\/\/prosataudio.tn\/index.php?rest_route=%2Fwp%2Fv2%2Fproduct_tag&post=6946"}],"curies":[{"name":"wp","href":"https:\/\/api.w.org\/{rel}","templated":true}]}}