{"id":7297,"date":"2026-03-08T02:32:05","date_gmt":"2026-03-08T01:32:05","guid":{"rendered":"https:\/\/prosataudio.tn\/?post_type=product&#038;p=7297"},"modified":"2026-04-15T18:35:11","modified_gmt":"2026-04-15T16:35:11","slug":"microphone-dynamique-professionnel-shupu-sm-9-4s","status":"publish","type":"product","link":"https:\/\/prosataudio.tn\/?product=microphone-dynamique-professionnel-shupu-sm-9-4s","title":{"rendered":"Microphone dynamique professionnel SHUPU SM-9.4S"},"content":{"rendered":"<div class=\"wpb-content-wrapper\"><p>[vc_row css=\u00a0\u00bb.vc_custom_1666272380651{margin-bottom: 80px !important;}\u00a0\u00bb woodmart_css_id=\u00a0\u00bb63514c723c2f3&Prime; responsive_spacing=\u00a0\u00bbeyJwYXJhbV90eXBlIjoid29vZG1hcnRfcmVzcG9uc2l2ZV9zcGFjaW5nIiwic2VsZWN0b3JfaWQiOiI2MzUxNGM3MjNjMmYzIiwic2hvcnRjb2RlIjoidmNfcm93IiwiZGF0YSI6eyJ0YWJsZXQiOnsibWFyZ2luLWJvdHRvbSI6IjYwIn0sIm1vYmlsZSI6eyJtYXJnaW4tYm90dG9tIjoiNDAifX19&Prime; mobile_bg_img_hidden=\u00a0\u00bbno\u00a0\u00bb tablet_bg_img_hidden=\u00a0\u00bbno\u00a0\u00bb woodmart_parallax=\u00a0\u00bb0&Prime; woodmart_gradient_switch=\u00a0\u00bbno\u00a0\u00bb woodmart_box_shadow=\u00a0\u00bbno\u00a0\u00bb wd_z_index=\u00a0\u00bbno\u00a0\u00bb woodmart_disable_overflow=\u00a0\u00bb0&Prime; row_reverse_mobile=\u00a0\u00bb0&Prime; row_reverse_tablet=\u00a0\u00bb0&Prime;][vc_column css=\u00a0\u00bb.vc_custom_1666272391679{padding-top: 0px !important;}\u00a0\u00bb woodmart_css_id=\u00a0\u00bb63514c8260958&Prime; parallax_scroll=\u00a0\u00bbno\u00a0\u00bb woodmart_sticky_column=\u00a0\u00bbfalse\u00a0\u00bb wd_collapsible_content_switcher=\u00a0\u00bbno\u00a0\u00bb wd_column_role_offcanvas_desktop=\u00a0\u00bbno\u00a0\u00bb wd_column_role_offcanvas_tablet=\u00a0\u00bbno\u00a0\u00bb wd_column_role_offcanvas_mobile=\u00a0\u00bbno\u00a0\u00bb wd_column_role_content_desktop=\u00a0\u00bbno\u00a0\u00bb wd_column_role_content_tablet=\u00a0\u00bbno\u00a0\u00bb wd_column_role_content_mobile=\u00a0\u00bbno\u00a0\u00bb mobile_bg_img_hidden=\u00a0\u00bbno\u00a0\u00bb tablet_bg_img_hidden=\u00a0\u00bbno\u00a0\u00bb woodmart_parallax=\u00a0\u00bb0&Prime; woodmart_box_shadow=\u00a0\u00bbno\u00a0\u00bb responsive_spacing=\u00a0\u00bbeyJwYXJhbV90eXBlIjoid29vZG1hcnRfcmVzcG9uc2l2ZV9zcGFjaW5nIiwic2VsZWN0b3JfaWQiOiI2MzUxNGM4MjYwOTU4Iiwic2hvcnRjb2RlIjoidmNfY29sdW1uIiwiZGF0YSI6eyJ0YWJsZXQiOnt9LCJtb2JpbGUiOnt9fX0=\u00a0\u00bb mobile_reset_margin=\u00a0\u00bbno\u00a0\u00bb tablet_reset_margin=\u00a0\u00bbno\u00a0\u00bb wd_z_index=\u00a0\u00bbno\u00a0\u00bb]\n\t\t<div id=\"wd-69accf00aa289\" class=\"title-wrapper wd-wpb wd-set-mb reset-last-child  wd-rs-69accf00aa289 wd-title-color-default wd-title-style-default text-center  wd-underline-colored\">\n\t\t\t\n\t\t\t<div class=\"liner-continer\">\n\t\t\t\t<h4 class=\"woodmart-title-container title  wd-font-weight- wd-fontsize-l\" >Microphone Dynamique Professionnel SHUPU SM\u20119.4S \u2013 Performance Sc\u00e8ne &amp; Studio<\/h4>\n\t\t\t\t\t\t\t<\/div>\n\t\t\t\n\t\t\t\n\t\t\t\n\t\t<\/div>\n\t\t\n\t\t\t\t<div id=\"wd-69accf0784a95\" class=\"wd-image wd-wpb wd-rs-69accf0784a95 text-center \">\n\t\t\t\n\t\t\t<img loading=\"lazy\" decoding=\"async\" width=\"300\" height=\"300\" src=\"https:\/\/prosataudio.tn\/wp-content\/uploads\/2026\/03\/SM-9.4S-4-300x300.png\" class=\"attachment-medium size-medium\" alt=\"\" srcset=\"https:\/\/prosataudio.tn\/wp-content\/uploads\/2026\/03\/SM-9.4S-4-300x300.png 300w, https:\/\/prosataudio.tn\/wp-content\/uploads\/2026\/03\/SM-9.4S-4-150x150.png 150w, https:\/\/prosataudio.tn\/wp-content\/uploads\/2026\/03\/SM-9.4S-4-600x600.png 600w, https:\/\/prosataudio.tn\/wp-content\/uploads\/2026\/03\/SM-9.4S-4.png 750w\" sizes=\"auto, (max-width: 300px) 100vw, 300px\" \/>\n\t\t\t\t\t<\/div>\n\t\t\t\t<div id=\"wd-69accf725ec6c\" class=\"wd-text-block wd-wpb reset-last-child wd-rs-69accf725ec6c text-left vc_custom_1772933024167\">\n\t\t\t<div>D\u00e9couvrez le microphone <strong>SHUPU SM-9.4S<\/strong>, un outil incontournable pour tous les artistes et orateurs. Con\u00e7u pour offrir une performance audio exceptionnelle, ce microphone dynamique allie robustesse et pr\u00e9cision sonore.<\/div>\n\t\t<\/div>\n\t\t[\/vc_column][\/vc_row][vc_row css=\u00a0\u00bb.vc_custom_1666272380651{margin-bottom: 80px !important;}\u00a0\u00bb woodmart_css_id=\u00a0\u00bb63514c723c2f3&Prime; responsive_spacing=\u00a0\u00bbeyJwYXJhbV90eXBlIjoid29vZG1hcnRfcmVzcG9uc2l2ZV9zcGFjaW5nIiwic2VsZWN0b3JfaWQiOiI2MzUxNGM3MjNjMmYzIiwic2hvcnRjb2RlIjoidmNfcm93IiwiZGF0YSI6eyJ0YWJsZXQiOnsibWFyZ2luLWJvdHRvbSI6IjYwIn0sIm1vYmlsZSI6eyJtYXJnaW4tYm90dG9tIjoiNDAifX19&Prime; mobile_bg_img_hidden=\u00a0\u00bbno\u00a0\u00bb tablet_bg_img_hidden=\u00a0\u00bbno\u00a0\u00bb woodmart_parallax=\u00a0\u00bb0&Prime; woodmart_gradient_switch=\u00a0\u00bbno\u00a0\u00bb woodmart_box_shadow=\u00a0\u00bbno\u00a0\u00bb wd_z_index=\u00a0\u00bbno\u00a0\u00bb woodmart_disable_overflow=\u00a0\u00bb0&Prime; row_reverse_mobile=\u00a0\u00bb0&Prime; row_reverse_tablet=\u00a0\u00bb0&Prime;][vc_column css=\u00a0\u00bb.vc_custom_1666272391679{padding-top: 0px !important;}\u00a0\u00bb woodmart_css_id=\u00a0\u00bb63514c8260958&Prime; parallax_scroll=\u00a0\u00bbno\u00a0\u00bb woodmart_sticky_column=\u00a0\u00bbfalse\u00a0\u00bb wd_collapsible_content_switcher=\u00a0\u00bbno\u00a0\u00bb wd_column_role_offcanvas_desktop=\u00a0\u00bbno\u00a0\u00bb wd_column_role_offcanvas_tablet=\u00a0\u00bbno\u00a0\u00bb wd_column_role_offcanvas_mobile=\u00a0\u00bbno\u00a0\u00bb wd_column_role_content_desktop=\u00a0\u00bbno\u00a0\u00bb wd_column_role_content_tablet=\u00a0\u00bbno\u00a0\u00bb wd_column_role_content_mobile=\u00a0\u00bbno\u00a0\u00bb mobile_bg_img_hidden=\u00a0\u00bbno\u00a0\u00bb tablet_bg_img_hidden=\u00a0\u00bbno\u00a0\u00bb woodmart_parallax=\u00a0\u00bb0&Prime; woodmart_box_shadow=\u00a0\u00bbno\u00a0\u00bb responsive_spacing=\u00a0\u00bbeyJwYXJhbV90eXBlIjoid29vZG1hcnRfcmVzcG9uc2l2ZV9zcGFjaW5nIiwic2VsZWN0b3JfaWQiOiI2MzUxNGM4MjYwOTU4Iiwic2hvcnRjb2RlIjoidmNfY29sdW1uIiwiZGF0YSI6eyJ0YWJsZXQiOnt9LCJtb2JpbGUiOnt9fX0=\u00a0\u00bb mobile_reset_margin=\u00a0\u00bbno\u00a0\u00bb tablet_reset_margin=\u00a0\u00bbno\u00a0\u00bb wd_z_index=\u00a0\u00bbno\u00a0\u00bb]\n\t\t<div id=\"wd-69accf50ea9d6\" class=\"title-wrapper wd-wpb wd-set-mb reset-last-child  wd-rs-69accf50ea9d6 wd-title-color-default wd-title-style-default text-center  wd-underline-colored\">\n\t\t\t\n\t\t\t<div class=\"liner-continer\">\n\t\t\t\t<h4 class=\"woodmart-title-container title  wd-font-weight- wd-fontsize-l\" >Microphone dynamique professionnel SHUPU SM-9.4S<\/h4>\n\t\t\t\t\t\t\t<\/div>\n\t\t\t\n\t\t\t\n\t\t\t\n\t\t<\/div>\n\t\t\n\t\t\t\t<div id=\"wd-69acd15c588fb\" class=\"wd-image wd-wpb wd-rs-69acd15c588fb text-center \">\n\t\t\t\n\t\t\t<img loading=\"lazy\" decoding=\"async\" width=\"300\" height=\"300\" src=\"https:\/\/prosataudio.tn\/wp-content\/uploads\/2026\/03\/SM-9.4S-3.avif\" class=\"attachment-medium size-medium\" alt=\"\" \/>\n\t\t\t\t\t<\/div>\n\t\t\t\t<div id=\"wd-69accfd729c13\" class=\"wd-text-block wd-wpb reset-last-child wd-rs-69accfd729c13 text-left vc_custom_1772933105081\">\n\t\t\t<p class=\"ds-markdown-paragraph\">D\u00e9couvrez le microphone <strong>SHUPU SM-9.4S<\/strong>, un outil incontournable pour tous les artistes et orateurs. Con\u00e7u pour offrir une performance audio exceptionnelle, ce microphone dynamique allie robustesse et pr\u00e9cision sonore.<\/p>\n<ul>\n<li>\n<p class=\"ds-markdown-paragraph\"><strong>Son Professionnel et Puissant :<\/strong> \u00c9quip\u00e9 d&rsquo;une capsule dynamique de haute qualit\u00e9, il reproduit fid\u00e8lement votre voix avec des basses chaleureuses et des aigus clairs. Parfait pour le chant, les performances sc\u00e9niques, les interviews ou les pr\u00e9sentations.<\/p>\n<\/li>\n<li>\n<p class=\"ds-markdown-paragraph\"><strong>Rejet du Bruit Ambiant :<\/strong> Sa directivit\u00e9 <strong>cardio\u00efde<\/strong> (en forme de c\u0153ur) capture le son principalement depuis l&rsquo;avant du microphone, tout en rejetant efficacement les bruits parasites de c\u00f4t\u00e9 et d&rsquo;arri\u00e8re. Id\u00e9al pour les environnements bruyants comme les sc\u00e8nes ou les salles de r\u00e9p\u00e9tition.<\/p>\n<\/li>\n<li>\n<p class=\"ds-markdown-paragraph\"><strong>Construction Robuste et Durable :<\/strong> Son corps enti\u00e8rement en m\u00e9tal lui conf\u00e8re une excellente r\u00e9sistance aux chocs et \u00e0 l&rsquo;usure, pour une longue dur\u00e9e de vie, m\u00eame en utilisation intensive.<\/p>\n<\/li>\n<li>\n<p class=\"ds-markdown-paragraph\"><strong>Conception Anti-Bruit :<\/strong> La technologie int\u00e9gr\u00e9e de r\u00e9duction du bruit minimise les souffles et les manipulations, garantissant un signal audio propre et professionnel.<\/p>\n<\/li>\n<li>\n<p class=\"ds-markdown-paragraph\"><strong>Polyvalence Totale :<\/strong> Que ce soit pour un concert, un cours de chant, un podcast, une conf\u00e9rence ou une simple f\u00eate entre amis, le SM-9.4S est le compagnon id\u00e9al.<\/p>\n<\/li>\n<li>\n<p class=\"ds-markdown-paragraph\"><strong>Connectivit\u00e9 Standard :<\/strong> \u00c9quip\u00e9 d&rsquo;une sortie <strong>XLR 3 points<\/strong> (canon), il se connecte facilement \u00e0 tous vos \u00e9quipements professionnels (tables de mixage, amplificateurs, interfaces audio).<\/p>\n<\/li>\n<\/ul>\n\t\t<\/div>\n\t\t[\/vc_column][\/vc_row]<\/p>\n<\/div>","protected":false},"excerpt":{"rendered":"<p>Le <strong data-start=\"383\" data-end=\"424\"><span class=\"hover:entity-accent entity-underline inline cursor-pointer align-baseline\"><span class=\"whitespace-normal\">SHUPU SM\u20119.4S Professional Dynamic Microphone<\/span><\/span><\/strong> est un microphone dynamique filaire con\u00e7u pour offrir une <strong data-start=\"483\" data-end=\"526\">qualit\u00e9 audio claire et professionnelle<\/strong> lors de vos performances, enregistrements, karaok\u00e9, interviews, discours ou chants en direct. Fabriqu\u00e9 avec une <strong data-start=\"639\" data-end=\"671\">structure m\u00e9tallique robuste<\/strong>, il allie durabilit\u00e9, r\u00e9jection de bruit et confort d\u2019utilisation.<\/p>\n","protected":false},"featured_media":7300,"template":"","meta":[],"product_brand":[339],"product_cat":[267,264,248,249],"product_tag":[343,341],"class_list":{"0":"post-7297","1":"product","2":"type-product","3":"status-publish","4":"has-post-thumbnail","6":"product_brand-shupu","7":"product_cat-micro-chant","8":"product_cat-microphone","9":"product_cat-sonorisation","10":"product_cat-sonorisation-live","11":"product_tag-enregistrements-vocaux","12":"product_tag-karaoke","14":"first","15":"instock","16":"taxable","17":"shipping-taxable","18":"purchasable","19":"product-type-simple"},"_links":{"self":[{"href":"https:\/\/prosataudio.tn\/index.php?rest_route=\/wp\/v2\/product\/7297","targetHints":{"allow":["GET"]}}],"collection":[{"href":"https:\/\/prosataudio.tn\/index.php?rest_route=\/wp\/v2\/product"}],"about":[{"href":"https:\/\/prosataudio.tn\/index.php?rest_route=\/wp\/v2\/types\/product"}],"wp:featuredmedia":[{"embeddable":true,"href":"https:\/\/prosataudio.tn\/index.php?rest_route=\/wp\/v2\/media\/7300"}],"wp:attachment":[{"href":"https:\/\/prosataudio.tn\/index.php?rest_route=%2Fwp%2Fv2%2Fmedia&parent=7297"}],"wp:term":[{"taxonomy":"product_brand","embeddable":true,"href":"https:\/\/prosataudio.tn\/index.php?rest_route=%2Fwp%2Fv2%2Fproduct_brand&post=7297"},{"taxonomy":"product_cat","embeddable":true,"href":"https:\/\/prosataudio.tn\/index.php?rest_route=%2Fwp%2Fv2%2Fproduct_cat&post=7297"},{"taxonomy":"product_tag","embeddable":true,"href":"https:\/\/prosataudio.tn\/index.php?rest_route=%2Fwp%2Fv2%2Fproduct_tag&post=7297"}],"curies":[{"name":"wp","href":"https:\/\/api.w.org\/{rel}","templated":true}]}}