{"id":7327,"date":"2026-03-08T14:06:22","date_gmt":"2026-03-08T13:06:22","guid":{"rendered":"https:\/\/prosataudio.tn\/?post_type=product&#038;p=7327"},"modified":"2026-03-08T14:06:22","modified_gmt":"2026-03-08T13:06:22","slug":"microphone-dynamique-shupu-sm-303-cable-integre","status":"publish","type":"product","link":"https:\/\/prosataudio.tn\/?product=microphone-dynamique-shupu-sm-303-cable-integre","title":{"rendered":"Microphone dynamique SHUPU SM-303 \u2013 C\u00e2ble int\u00e9gr\u00e9"},"content":{"rendered":"<div class=\"wpb-content-wrapper\"><p>[vc_row css=\u00a0\u00bb.vc_custom_1666272380651{margin-bottom: 80px !important;}\u00a0\u00bb woodmart_css_id=\u00a0\u00bb63514c723c2f3&Prime; responsive_spacing=\u00a0\u00bbeyJwYXJhbV90eXBlIjoid29vZG1hcnRfcmVzcG9uc2l2ZV9zcGFjaW5nIiwic2VsZWN0b3JfaWQiOiI2MzUxNGM3MjNjMmYzIiwic2hvcnRjb2RlIjoidmNfcm93IiwiZGF0YSI6eyJ0YWJsZXQiOnsibWFyZ2luLWJvdHRvbSI6IjYwIn0sIm1vYmlsZSI6eyJtYXJnaW4tYm90dG9tIjoiNDAifX19&Prime; mobile_bg_img_hidden=\u00a0\u00bbno\u00a0\u00bb tablet_bg_img_hidden=\u00a0\u00bbno\u00a0\u00bb woodmart_parallax=\u00a0\u00bb0&Prime; woodmart_gradient_switch=\u00a0\u00bbno\u00a0\u00bb woodmart_box_shadow=\u00a0\u00bbno\u00a0\u00bb wd_z_index=\u00a0\u00bbno\u00a0\u00bb woodmart_disable_overflow=\u00a0\u00bb0&Prime; row_reverse_mobile=\u00a0\u00bb0&Prime; row_reverse_tablet=\u00a0\u00bb0&Prime;][vc_column css=\u00a0\u00bb.vc_custom_1666272391679{padding-top: 0px !important;}\u00a0\u00bb woodmart_css_id=\u00a0\u00bb63514c8260958&Prime; parallax_scroll=\u00a0\u00bbno\u00a0\u00bb woodmart_sticky_column=\u00a0\u00bbfalse\u00a0\u00bb wd_collapsible_content_switcher=\u00a0\u00bbno\u00a0\u00bb wd_column_role_offcanvas_desktop=\u00a0\u00bbno\u00a0\u00bb wd_column_role_offcanvas_tablet=\u00a0\u00bbno\u00a0\u00bb wd_column_role_offcanvas_mobile=\u00a0\u00bbno\u00a0\u00bb wd_column_role_content_desktop=\u00a0\u00bbno\u00a0\u00bb wd_column_role_content_tablet=\u00a0\u00bbno\u00a0\u00bb wd_column_role_content_mobile=\u00a0\u00bbno\u00a0\u00bb mobile_bg_img_hidden=\u00a0\u00bbno\u00a0\u00bb tablet_bg_img_hidden=\u00a0\u00bbno\u00a0\u00bb woodmart_parallax=\u00a0\u00bb0&Prime; woodmart_box_shadow=\u00a0\u00bbno\u00a0\u00bb responsive_spacing=\u00a0\u00bbeyJwYXJhbV90eXBlIjoid29vZG1hcnRfcmVzcG9uc2l2ZV9zcGFjaW5nIiwic2VsZWN0b3JfaWQiOiI2MzUxNGM4MjYwOTU4Iiwic2hvcnRjb2RlIjoidmNfY29sdW1uIiwiZGF0YSI6eyJ0YWJsZXQiOnt9LCJtb2JpbGUiOnt9fX0=\u00a0\u00bb mobile_reset_margin=\u00a0\u00bbno\u00a0\u00bb tablet_reset_margin=\u00a0\u00bbno\u00a0\u00bb wd_z_index=\u00a0\u00bbno\u00a0\u00bb]\n\t\t<div id=\"wd-69ad72d86862d\" class=\"title-wrapper wd-wpb wd-set-mb reset-last-child  wd-rs-69ad72d86862d wd-title-color-default wd-title-style-default text-center  wd-underline-colored\">\n\t\t\t\n\t\t\t<div class=\"liner-continer\">\n\t\t\t\t<h4 class=\"woodmart-title-container title  wd-font-weight- wd-fontsize-l\" >Microphone dynamique SHUPU SM-303 \u2013 C\u00e2ble int\u00e9gr\u00e9<\/h4>\n\t\t\t\t\t\t\t<\/div>\n\t\t\t\n\t\t\t\n\t\t\t\n\t\t<\/div>\n\t\t\n\t\t\t\t<div id=\"wd-69ad72de83721\" class=\"wd-image wd-wpb wd-rs-69ad72de83721 text-center \">\n\t\t\t\n\t\t\t<img loading=\"lazy\" decoding=\"async\" width=\"300\" height=\"300\" src=\"https:\/\/prosataudio.tn\/wp-content\/uploads\/2026\/03\/SHUPU-SM-303-1-300x300.png\" class=\"attachment-medium size-medium\" alt=\"\" srcset=\"https:\/\/prosataudio.tn\/wp-content\/uploads\/2026\/03\/SHUPU-SM-303-1-300x300.png 300w, https:\/\/prosataudio.tn\/wp-content\/uploads\/2026\/03\/SHUPU-SM-303-1-150x150.png 150w, https:\/\/prosataudio.tn\/wp-content\/uploads\/2026\/03\/SHUPU-SM-303-1-600x600.png 600w, https:\/\/prosataudio.tn\/wp-content\/uploads\/2026\/03\/SHUPU-SM-303-1-64x64.png 64w, https:\/\/prosataudio.tn\/wp-content\/uploads\/2026\/03\/SHUPU-SM-303-1-80x80.png 80w, https:\/\/prosataudio.tn\/wp-content\/uploads\/2026\/03\/SHUPU-SM-303-1.png 750w\" sizes=\"auto, (max-width: 300px) 100vw, 300px\" \/>\n\t\t\t\t\t<\/div>\n\t\t\t\t<div id=\"wd-69ad72ef07004\" class=\"wd-text-block wd-wpb reset-last-child wd-rs-69ad72ef07004 text-left vc_custom_1772974837349\">\n\t\t\t<p class=\"ds-markdown-paragraph\">Simplifiez vos animations avec le microphone <strong>SHUPU SM-303<\/strong>. Con\u00e7u pour une utilisation facile et intuitive, ce microphone dynamique filaire est id\u00e9al pour tous ceux qui recherchent un son de qualit\u00e9 sans configuration complexe.<\/p>\n<ul>\n<li>\n<p class=\"ds-markdown-paragraph\"><strong>Pratique et Pr\u00eat \u00e0 l&rsquo;Emploi :<\/strong> Sa caract\u00e9ristique la plus distinctive est son <strong>c\u00e2ble XLR int\u00e9gr\u00e9 de 4,5 m\u00e8tres<\/strong>. Plus besoin de chercher un c\u00e2ble s\u00e9par\u00e9, vous le branchez directement et c&rsquo;est parti ! Id\u00e9al pour les syst\u00e8mes audio de salon, les ordinateurs ou les petites enceintes.<\/p>\n<\/li>\n<li>\n<p class=\"ds-markdown-paragraph\"><strong>Son Clair pour vos Animations :<\/strong> Parfait pour le <strong>karaok\u00e9<\/strong>, les <strong>f\u00eates de famille<\/strong>, les <strong>r\u00e9unions<\/strong> ou les <strong>pr\u00e9sentations<\/strong>. Sa r\u00e9ponse en fr\u00e9quence (60Hz &#8211; 14kHz) est optimis\u00e9e pour la voix humaine.<\/p>\n<\/li>\n<li>\n<p class=\"ds-markdown-paragraph\"><strong>Focalisation sur la Voix :<\/strong> Sa directivit\u00e9 <strong>cardio\u00efde<\/strong> capture le son principalement depuis l&rsquo;avant du microphone, ce qui aide \u00e0 r\u00e9duire les bruits de fond et \u00e0 se concentrer sur votre voix ou celle de vos invit\u00e9s.<\/p>\n<\/li>\n<li>\n<p class=\"ds-markdown-paragraph\"><strong>Robustesse et Durabilit\u00e9 :<\/strong> Son corps en <strong>m\u00e9tal<\/strong> assure une bonne r\u00e9sistance, pour un microphone qui vous accompagnera dans de nombreuses soir\u00e9es.<\/p>\n<\/li>\n<li>\n<p class=\"ds-markdown-paragraph\"><strong>Technologie Anti-Bruit :<\/strong> La fonction de <strong>r\u00e9duction du bruit<\/strong> int\u00e9gr\u00e9e minimise les souffles ind\u00e9sirables, pour un son plus propre.<\/p>\n<\/li>\n<li>\n<p class=\"ds-markdown-paragraph\"><strong>Connectivit\u00e9 Simple et Universelle :<\/strong> Bien que le c\u00e2ble soit fixe, il se termine par un connecteur <strong>XLR standard<\/strong>, vous permettant de le brancher sur la plupart des enceintes amplifi\u00e9es, tables de mixage ou interfaces audio dot\u00e9es d&rsquo;une entr\u00e9e XLR.<\/p>\n<\/li>\n<\/ul>\n\t\t<\/div>\n\t\t[\/vc_column][\/vc_row]<\/p>\n<\/div>","protected":false},"excerpt":{"rendered":"<p>Le <strong data-start=\"300\" data-end=\"341\"><span class=\"hover:entity-accent entity-underline inline cursor-pointer align-baseline\"><span class=\"whitespace-normal\">SHUPU SM\u2011303 Dynamic Microphone<\/span><\/span><\/strong> est un microphone dynamique filaire con\u00e7u pour offrir une <strong data-start=\"400\" data-end=\"440\">captation vocale claire et puissante<\/strong> lors des performances live, conf\u00e9rences, karaok\u00e9 ou enregistrements vocaux.<\/p>\n","protected":false},"featured_media":7330,"template":"","meta":[],"product_brand":[339],"product_cat":[267,264,248,249],"product_tag":[341,344,345],"class_list":{"0":"post-7327","1":"product","2":"type-product","3":"status-publish","4":"has-post-thumbnail","6":"product_brand-shupu","7":"product_cat-micro-chant","8":"product_cat-microphone","9":"product_cat-sonorisation","10":"product_cat-sonorisation-live","11":"product_tag-karaoke","12":"product_tag-microphone-dynamique","13":"product_tag-studio","15":"first","16":"instock","17":"taxable","18":"shipping-taxable","19":"product-type-simple"},"_links":{"self":[{"href":"https:\/\/prosataudio.tn\/index.php?rest_route=\/wp\/v2\/product\/7327","targetHints":{"allow":["GET"]}}],"collection":[{"href":"https:\/\/prosataudio.tn\/index.php?rest_route=\/wp\/v2\/product"}],"about":[{"href":"https:\/\/prosataudio.tn\/index.php?rest_route=\/wp\/v2\/types\/product"}],"wp:featuredmedia":[{"embeddable":true,"href":"https:\/\/prosataudio.tn\/index.php?rest_route=\/wp\/v2\/media\/7330"}],"wp:attachment":[{"href":"https:\/\/prosataudio.tn\/index.php?rest_route=%2Fwp%2Fv2%2Fmedia&parent=7327"}],"wp:term":[{"taxonomy":"product_brand","embeddable":true,"href":"https:\/\/prosataudio.tn\/index.php?rest_route=%2Fwp%2Fv2%2Fproduct_brand&post=7327"},{"taxonomy":"product_cat","embeddable":true,"href":"https:\/\/prosataudio.tn\/index.php?rest_route=%2Fwp%2Fv2%2Fproduct_cat&post=7327"},{"taxonomy":"product_tag","embeddable":true,"href":"https:\/\/prosataudio.tn\/index.php?rest_route=%2Fwp%2Fv2%2Fproduct_tag&post=7327"}],"curies":[{"name":"wp","href":"https:\/\/api.w.org\/{rel}","templated":true}]}}