{"id":7333,"date":"2026-03-08T14:42:27","date_gmt":"2026-03-08T13:42:27","guid":{"rendered":"https:\/\/prosataudio.tn\/?post_type=product&#038;p=7333"},"modified":"2026-04-17T10:38:54","modified_gmt":"2026-04-17T08:38:54","slug":"microphone-dynamique-professionnel-shupu-sm-5","status":"publish","type":"product","link":"https:\/\/prosataudio.tn\/?product=microphone-dynamique-professionnel-shupu-sm-5","title":{"rendered":"Microphone Dynamique Professionnel SHUPU SM-5"},"content":{"rendered":"<div class=\"wpb-content-wrapper\"><p>[vc_row css=\u00a0\u00bb.vc_custom_1666272380651{margin-bottom: 80px !important;}\u00a0\u00bb woodmart_css_id=\u00a0\u00bb63514c723c2f3&Prime; responsive_spacing=\u00a0\u00bbeyJwYXJhbV90eXBlIjoid29vZG1hcnRfcmVzcG9uc2l2ZV9zcGFjaW5nIiwic2VsZWN0b3JfaWQiOiI2MzUxNGM3MjNjMmYzIiwic2hvcnRjb2RlIjoidmNfcm93IiwiZGF0YSI6eyJ0YWJsZXQiOnsibWFyZ2luLWJvdHRvbSI6IjYwIn0sIm1vYmlsZSI6eyJtYXJnaW4tYm90dG9tIjoiNDAifX19&Prime; mobile_bg_img_hidden=\u00a0\u00bbno\u00a0\u00bb tablet_bg_img_hidden=\u00a0\u00bbno\u00a0\u00bb woodmart_parallax=\u00a0\u00bb0&Prime; woodmart_gradient_switch=\u00a0\u00bbno\u00a0\u00bb woodmart_box_shadow=\u00a0\u00bbno\u00a0\u00bb wd_z_index=\u00a0\u00bbno\u00a0\u00bb woodmart_disable_overflow=\u00a0\u00bb0&Prime; row_reverse_mobile=\u00a0\u00bb0&Prime; row_reverse_tablet=\u00a0\u00bb0&Prime;][vc_column css=\u00a0\u00bb.vc_custom_1666272391679{padding-top: 0px !important;}\u00a0\u00bb woodmart_css_id=\u00a0\u00bb63514c8260958&Prime; parallax_scroll=\u00a0\u00bbno\u00a0\u00bb woodmart_sticky_column=\u00a0\u00bbfalse\u00a0\u00bb wd_collapsible_content_switcher=\u00a0\u00bbno\u00a0\u00bb wd_column_role_offcanvas_desktop=\u00a0\u00bbno\u00a0\u00bb wd_column_role_offcanvas_tablet=\u00a0\u00bbno\u00a0\u00bb wd_column_role_offcanvas_mobile=\u00a0\u00bbno\u00a0\u00bb wd_column_role_content_desktop=\u00a0\u00bbno\u00a0\u00bb wd_column_role_content_tablet=\u00a0\u00bbno\u00a0\u00bb wd_column_role_content_mobile=\u00a0\u00bbno\u00a0\u00bb mobile_bg_img_hidden=\u00a0\u00bbno\u00a0\u00bb tablet_bg_img_hidden=\u00a0\u00bbno\u00a0\u00bb woodmart_parallax=\u00a0\u00bb0&Prime; woodmart_box_shadow=\u00a0\u00bbno\u00a0\u00bb responsive_spacing=\u00a0\u00bbeyJwYXJhbV90eXBlIjoid29vZG1hcnRfcmVzcG9uc2l2ZV9zcGFjaW5nIiwic2VsZWN0b3JfaWQiOiI2MzUxNGM4MjYwOTU4Iiwic2hvcnRjb2RlIjoidmNfY29sdW1uIiwiZGF0YSI6eyJ0YWJsZXQiOnt9LCJtb2JpbGUiOnt9fX0=\u00a0\u00bb mobile_reset_margin=\u00a0\u00bbno\u00a0\u00bb tablet_reset_margin=\u00a0\u00bbno\u00a0\u00bb wd_z_index=\u00a0\u00bbno\u00a0\u00bb]\n\t\t<div id=\"wd-69ad7c8f8558b\" class=\"title-wrapper wd-wpb wd-set-mb reset-last-child  wd-rs-69ad7c8f8558b wd-title-color-default wd-title-style-default text-center  wd-underline-colored\">\n\t\t\t\n\t\t\t<div class=\"liner-continer\">\n\t\t\t\t<h4 class=\"woodmart-title-container title  wd-font-weight- wd-fontsize-l\" >Microphone Dynamique Professionnel SHUPU SM-519 \u2013 Micro Filaire Haute Qualit\u00e9<\/h4>\n\t\t\t\t\t\t\t<\/div>\n\t\t\t\n\t\t\t\n\t\t\t\n\t\t<\/div>\n\t\t\n\t\t\t\t<div id=\"wd-69ad7c718e226\" class=\"wd-image wd-wpb wd-rs-69ad7c718e226 text-center \">\n\t\t\t\n\t\t\t<img loading=\"lazy\" decoding=\"async\" width=\"300\" height=\"300\" src=\"https:\/\/prosataudio.tn\/wp-content\/uploads\/2026\/03\/SM-519-1.avif\" class=\"attachment-medium size-medium\" alt=\"\" \/>\n\t\t\t\t\t<\/div>\n\t\t\t\t<div id=\"wd-69ad7c9a5cac4\" class=\"wd-text-block wd-wpb reset-last-child wd-rs-69ad7c9a5cac4 text-left vc_custom_1772977340135\">\n\t\t\t<p class=\"ds-markdown-paragraph\">Le microphone dynamique SM-519 de SHUPU est un outil de haute qualit\u00e9 con\u00e7u pour les professionnels de la sc\u00e8ne et du studio. Avec sa large r\u00e9ponse en fr\u00e9quence (30Hz-18kHz), sa construction m\u00e9tallique robuste et sa grille durable, il offre une reproduction sonore exceptionnelle pour le chant et les instruments.<\/p>\n<p class=\"ds-markdown-paragraph\">\u00c9levez vos performances avec le microphone <strong>SHUPU SM-519<\/strong>. Con\u00e7u pour une qualit\u00e9 sonore sup\u00e9rieure et une durabilit\u00e9 \u00e0 toute \u00e9preuve, ce microphone dynamique est le choix id\u00e9al pour les musiciens, chanteurs et techniciens du son exigeants.<\/p>\n<ul>\n<li>\n<p class=\"ds-markdown-paragraph\"><strong>Qualit\u00e9 Sonore \u00c9tendue :<\/strong> Sa r\u00e9ponse en fr\u00e9quence large de <strong>30 Hz \u00e0 18 kHz<\/strong> capture toute la richesse et les nuances de votre voix ou de votre instrument, des basses les plus profondes aux aigus les plus clairs.<\/p>\n<\/li>\n<li>\n<p class=\"ds-markdown-paragraph\"><strong>Isolation Parfaite de la Source :<\/strong> La directivit\u00e9 <strong>cardio\u00efde<\/strong> assure une excellente isolation de la source sonore principale, rejetant efficacement les bruits de fond et les retours (larsen) pour un son clair et professionnel, m\u00eame sur les sc\u00e8nes les plus charg\u00e9es.<\/p>\n<\/li>\n<li>\n<p class=\"ds-markdown-paragraph\"><strong>Robustesse Professionnelle :<\/strong> Son corps enti\u00e8rement en <strong>m\u00e9tal<\/strong> et sa <strong>grille protectrice durable<\/strong> sont con\u00e7us pour r\u00e9sister aux rigueurs des tourn\u00e9es et des utilisations intensives en studio.<\/p>\n<\/li>\n<li>\n<p class=\"ds-markdown-paragraph\"><strong>C\u00e2ble Haute Fid\u00e9lit\u00e9 Inclus :<\/strong> Il est livr\u00e9 avec un c\u00e2ble XLR de haute qualit\u00e9 de <strong>6 m\u00e8tres de long (couleur violette)<\/strong> , vous offrant une libert\u00e9 de mouvement optimale sur sc\u00e8ne sans perte de signal.<\/p>\n<\/li>\n<li>\n<p class=\"ds-markdown-paragraph\"><strong>Confort et Pr\u00e9cision :<\/strong> Son format g\u00e9n\u00e9reux (192mm) et son poids \u00e9quilibr\u00e9 (347g) offrent une prise en main confortable et stable.<\/p>\n<\/li>\n<li>\n<p class=\"ds-markdown-paragraph\"><strong>Polyvalence Totale :<\/strong> Aussi performant pour le <strong>chant<\/strong> que pour l&rsquo;<strong>instrument<\/strong> (comme la batterie ou les guitares amplifi\u00e9es), ou encore pour la <strong>communication<\/strong> et les <strong>discours<\/strong>, ce microphone s&rsquo;adapte \u00e0 toutes les situations exigeantes.<\/p>\n<\/li>\n<li>\n<p class=\"ds-markdown-paragraph\"><strong>Connectivit\u00e9 Standard :<\/strong> La sortie <strong>XLR 3 broches<\/strong> garantit une connexion \u00e9quilibr\u00e9e et de qualit\u00e9 professionnelle \u00e0 tous vos \u00e9quipements.<\/p>\n<\/li>\n<\/ul>\n\t\t<\/div>\n\t\t[\/vc_column][\/vc_row]<\/p>\n<\/div>","protected":false},"excerpt":{"rendered":"<p>Le <strong data-start=\"280\" data-end=\"321\"><span class=\"hover:entity-accent entity-underline inline cursor-pointer align-baseline\"><span class=\"whitespace-normal\">SHUPU SM\u2011519 Dynamic Microphone<\/span><\/span><\/strong> est un microphone dynamique filaire con\u00e7u pour offrir une <strong data-start=\"380\" data-end=\"433\">restitution vocale claire, puissante et naturelle<\/strong> lors des performances live, karaok\u00e9, conf\u00e9rences et enregistrements vocaux.<\/p>\n","protected":false},"featured_media":7334,"template":"","meta":[],"product_brand":[339],"product_cat":[267,264,248,249],"product_tag":[341,346,344,345],"class_list":{"0":"post-7333","1":"product","2":"type-product","3":"status-publish","4":"has-post-thumbnail","6":"product_brand-shupu","7":"product_cat-micro-chant","8":"product_cat-microphone","9":"product_cat-sonorisation","10":"product_cat-sonorisation-live","11":"product_tag-karaoke","12":"product_tag-micro-dynamique-cardioide","13":"product_tag-microphone-dynamique","14":"product_tag-studio","16":"first","17":"instock","18":"featured","19":"taxable","20":"shipping-taxable","21":"purchasable","22":"product-type-simple"},"_links":{"self":[{"href":"https:\/\/prosataudio.tn\/index.php?rest_route=\/wp\/v2\/product\/7333","targetHints":{"allow":["GET"]}}],"collection":[{"href":"https:\/\/prosataudio.tn\/index.php?rest_route=\/wp\/v2\/product"}],"about":[{"href":"https:\/\/prosataudio.tn\/index.php?rest_route=\/wp\/v2\/types\/product"}],"wp:featuredmedia":[{"embeddable":true,"href":"https:\/\/prosataudio.tn\/index.php?rest_route=\/wp\/v2\/media\/7334"}],"wp:attachment":[{"href":"https:\/\/prosataudio.tn\/index.php?rest_route=%2Fwp%2Fv2%2Fmedia&parent=7333"}],"wp:term":[{"taxonomy":"product_brand","embeddable":true,"href":"https:\/\/prosataudio.tn\/index.php?rest_route=%2Fwp%2Fv2%2Fproduct_brand&post=7333"},{"taxonomy":"product_cat","embeddable":true,"href":"https:\/\/prosataudio.tn\/index.php?rest_route=%2Fwp%2Fv2%2Fproduct_cat&post=7333"},{"taxonomy":"product_tag","embeddable":true,"href":"https:\/\/prosataudio.tn\/index.php?rest_route=%2Fwp%2Fv2%2Fproduct_tag&post=7333"}],"curies":[{"name":"wp","href":"https:\/\/api.w.org\/{rel}","templated":true}]}}