{"id":7814,"date":"2026-03-25T17:28:16","date_gmt":"2026-03-25T16:28:16","guid":{"rendered":"https:\/\/prosataudio.tn\/?post_type=product&#038;p=7814"},"modified":"2026-03-25T17:28:16","modified_gmt":"2026-03-25T16:28:16","slug":"capsule-microphone-dynamique-psa-universelle","status":"publish","type":"product","link":"https:\/\/prosataudio.tn\/?product=capsule-microphone-dynamique-psa-universelle","title":{"rendered":"Capsule Microphone Dynamique PSA Universelle"},"content":{"rendered":"<div class=\"wpb-content-wrapper\"><p>[vc_row css=\u00a0\u00bb.vc_custom_1666272380651{margin-bottom: 80px !important;}\u00a0\u00bb woodmart_css_id=\u00a0\u00bb63514c723c2f3&Prime; responsive_spacing=\u00a0\u00bbeyJwYXJhbV90eXBlIjoid29vZG1hcnRfcmVzcG9uc2l2ZV9zcGFjaW5nIiwic2VsZWN0b3JfaWQiOiI2MzUxNGM3MjNjMmYzIiwic2hvcnRjb2RlIjoidmNfcm93IiwiZGF0YSI6eyJ0YWJsZXQiOnsibWFyZ2luLWJvdHRvbSI6IjYwIn0sIm1vYmlsZSI6eyJtYXJnaW4tYm90dG9tIjoiNDAifX19&Prime; mobile_bg_img_hidden=\u00a0\u00bbno\u00a0\u00bb tablet_bg_img_hidden=\u00a0\u00bbno\u00a0\u00bb woodmart_parallax=\u00a0\u00bb0&Prime; woodmart_gradient_switch=\u00a0\u00bbno\u00a0\u00bb woodmart_box_shadow=\u00a0\u00bbno\u00a0\u00bb wd_z_index=\u00a0\u00bbno\u00a0\u00bb woodmart_disable_overflow=\u00a0\u00bb0&Prime; row_reverse_mobile=\u00a0\u00bb0&Prime; row_reverse_tablet=\u00a0\u00bb0&Prime;][vc_column css=\u00a0\u00bb.vc_custom_1666272391679{padding-top: 0px !important;}\u00a0\u00bb woodmart_css_id=\u00a0\u00bb63514c8260958&Prime; parallax_scroll=\u00a0\u00bbno\u00a0\u00bb woodmart_sticky_column=\u00a0\u00bbfalse\u00a0\u00bb wd_collapsible_content_switcher=\u00a0\u00bbno\u00a0\u00bb wd_column_role_offcanvas_desktop=\u00a0\u00bbno\u00a0\u00bb wd_column_role_offcanvas_tablet=\u00a0\u00bbno\u00a0\u00bb wd_column_role_offcanvas_mobile=\u00a0\u00bbno\u00a0\u00bb wd_column_role_content_desktop=\u00a0\u00bbno\u00a0\u00bb wd_column_role_content_tablet=\u00a0\u00bbno\u00a0\u00bb wd_column_role_content_mobile=\u00a0\u00bbno\u00a0\u00bb mobile_bg_img_hidden=\u00a0\u00bbno\u00a0\u00bb tablet_bg_img_hidden=\u00a0\u00bbno\u00a0\u00bb woodmart_parallax=\u00a0\u00bb0&Prime; woodmart_box_shadow=\u00a0\u00bbno\u00a0\u00bb responsive_spacing=\u00a0\u00bbeyJwYXJhbV90eXBlIjoid29vZG1hcnRfcmVzcG9uc2l2ZV9zcGFjaW5nIiwic2VsZWN0b3JfaWQiOiI2MzUxNGM4MjYwOTU4Iiwic2hvcnRjb2RlIjoidmNfY29sdW1uIiwiZGF0YSI6eyJ0YWJsZXQiOnt9LCJtb2JpbGUiOnt9fX0=\u00a0\u00bb mobile_reset_margin=\u00a0\u00bbno\u00a0\u00bb tablet_reset_margin=\u00a0\u00bbno\u00a0\u00bb wd_z_index=\u00a0\u00bbno\u00a0\u00bb]\n\t\t<div id=\"wd-69c40ace24226\" class=\"title-wrapper wd-wpb wd-set-mb reset-last-child  wd-rs-69c40ace24226 wd-title-color-default wd-title-style-default text-center  wd-underline-colored\">\n\t\t\t\n\t\t\t<div class=\"liner-continer\">\n\t\t\t\t<h4 class=\"woodmart-title-container title  wd-font-weight- wd-fontsize-l\" >Capsule Microphone Dynamique Pro Sat Audio (PSA) Universelle \u2013 Cartouche de Remplacement Haute Qualit\u00e9 pour Micro Vocal<\/h4>\n\t\t\t\t\t\t\t<\/div>\n\t\t\t\n\t\t\t\n\t\t\t\n\t\t<\/div>\n\t\t\n\t\t\t\t<div id=\"wd-69c40b7b1badc\" class=\"wd-image wd-wpb wd-rs-69c40b7b1badc text-center \">\n\t\t\t\n\t\t\t<img loading=\"lazy\" decoding=\"async\" width=\"300\" height=\"253\" src=\"https:\/\/prosataudio.tn\/wp-content\/uploads\/2026\/03\/GL-9688CORE-2-300x253.jpg\" class=\"attachment-medium size-medium\" alt=\"\" srcset=\"https:\/\/prosataudio.tn\/wp-content\/uploads\/2026\/03\/GL-9688CORE-2-300x253.jpg 300w, https:\/\/prosataudio.tn\/wp-content\/uploads\/2026\/03\/GL-9688CORE-2-768x648.jpg 768w, https:\/\/prosataudio.tn\/wp-content\/uploads\/2026\/03\/GL-9688CORE-2-150x127.jpg 150w, https:\/\/prosataudio.tn\/wp-content\/uploads\/2026\/03\/GL-9688CORE-2.jpg 915w\" sizes=\"auto, (max-width: 300px) 100vw, 300px\" \/>\n\t\t\t\t\t<\/div>\n\t\t\t\t<div id=\"wd-69c40c7766ce7\" class=\"wd-text-block wd-wpb reset-last-child wd-rs-69c40c7766ce7 text-left vc_custom_1774455971464\">\n\t\t\t<p class=\"ds-markdown-paragraph\">Lot de <strong>2 capsules dynamiques<\/strong> de rechange de haute qualit\u00e9, con\u00e7ues pour remplacer la capsule de nombreux microphones filaires. Dot\u00e9es d&rsquo;un <strong>grand diaphragme<\/strong>, d&rsquo;une <strong>haute sensibilit\u00e9<\/strong> et d&rsquo;une directivit\u00e9 <strong>cardio\u00efde<\/strong>, elles offrent une excellente reproduction vocale pour le chant, le karaok\u00e9 et la sc\u00e8ne. Id\u00e9ales pour les r\u00e9parateurs, les musiciens et les passionn\u00e9s de DIY.<\/p>\n<p class=\"ds-markdown-paragraph\"><strong>Description longue et d\u00e9taill\u00e9e :<\/strong><br \/>\nLes capsules de microphone <strong>PSA GL-9688CORE<\/strong>&nbsp;(lot de 2) sont une solution de rechange premium pour redonner vie \u00e0 vos microphones dynamiques ou pour construire vos propres microphones sur mesure. Avec leur grand diaphragme et leur haute sensibilit\u00e9, elles garantissent une capture vocale riche, d\u00e9taill\u00e9e et naturelle.<\/p>\n<ul>\n<li>\n<p class=\"ds-markdown-paragraph\"><strong>Lot de 2 Capsules \u00c9conomique :<\/strong> Achetez deux capsules pour le prix d&rsquo;une, id\u00e9al pour les r\u00e9parateurs, les ateliers ou pour avoir une capsule de rechange toujours disponible.<\/p>\n<\/li>\n<li>\n<p class=\"ds-markdown-paragraph\"><strong>Grand Diaphragme pour une Meilleure Dynamique :<\/strong> Le grand diaphragme offre une meilleure r\u00e9ponse aux transitoires et une reproduction plus naturelle des voix et des instruments, avec des graves chaleureux et des aigus doux.<\/p>\n<\/li>\n<li>\n<p class=\"ds-markdown-paragraph\"><strong>Haute Sensibilit\u00e9 :<\/strong> Contrairement \u00e0 de nombreuses capsules dynamiques standard, ce mod\u00e8le offre une sensibilit\u00e9 accrue, capturant plus de d\u00e9tails et de nuances sans avoir besoin d&rsquo;une pr\u00e9amplification excessive.<\/p>\n<\/li>\n<li>\n<p class=\"ds-markdown-paragraph\"><strong>Directivit\u00e9 Cardio\u00efde :<\/strong> Sa directivit\u00e9 en forme de c\u0153ur capte le son principalement depuis l&rsquo;avant, tout en rejetant efficacement les bruits de fond et les retours (larsen). Id\u00e9ale pour les environnements live et le karaok\u00e9.<\/p>\n<\/li>\n<li>\n<p class=\"ds-markdown-paragraph\"><strong>Polyvalence d&rsquo;Utilisation :<\/strong> Parfaites pour :<\/p>\n<ul>\n<li>\n<p class=\"ds-markdown-paragraph\"><strong>R\u00e9paration<\/strong> de microphones dynamiques PSA ou d&rsquo;autres marques compatibles.<\/p>\n<\/li>\n<li>\n<p class=\"ds-markdown-paragraph\"><strong>Fabrication de microphones<\/strong> sur mesure (DIY).<\/p>\n<\/li>\n<li>\n<p class=\"ds-markdown-paragraph\"><strong>Remplacement<\/strong> de capsules us\u00e9es ou endommag\u00e9es.<\/p>\n<\/li>\n<li>\n<p class=\"ds-markdown-paragraph\"><strong>Karaok\u00e9, chant, parole, petite sc\u00e8ne.<\/strong><\/p>\n<\/li>\n<\/ul>\n<\/li>\n<li>\n<p class=\"ds-markdown-paragraph\"><strong>Compatibilit\u00e9 :<\/strong> Ces capsules de 25mm de diam\u00e8tre (standard) sont compatibles avec de nombreux bo\u00eetiers de microphones dynamiques.<\/p>\n<\/li>\n<\/ul>\n\t\t<\/div>\n\t\t[\/vc_column][\/vc_row]<\/p>\n<\/div>","protected":false},"excerpt":{"rendered":"<p>La <strong data-start=\"338\" data-end=\"388\">capsule microphone dynamique PSA universelle<\/strong> est une solution id\u00e9ale pour remplacer ou r\u00e9parer une capsule de microphone d\u00e9fectueuse. Compatible avec la majorit\u00e9 des microphones dynamiques standards, elle permet de restaurer rapidement une qualit\u00e9 sonore optimale.<\/p>\n","protected":false},"featured_media":7815,"template":"","meta":[],"product_brand":[362],"product_cat":[272,354,248,249],"product_tag":[],"class_list":{"0":"post-7814","1":"product","2":"type-product","3":"status-publish","4":"has-post-thumbnail","6":"product_brand-pro-sat-audio","7":"product_cat-accessoires","8":"product_cat-capsule-micro","9":"product_cat-sonorisation","10":"product_cat-sonorisation-live","12":"first","13":"instock","14":"taxable","15":"shipping-taxable","16":"purchasable","17":"product-type-simple"},"_links":{"self":[{"href":"https:\/\/prosataudio.tn\/index.php?rest_route=\/wp\/v2\/product\/7814","targetHints":{"allow":["GET"]}}],"collection":[{"href":"https:\/\/prosataudio.tn\/index.php?rest_route=\/wp\/v2\/product"}],"about":[{"href":"https:\/\/prosataudio.tn\/index.php?rest_route=\/wp\/v2\/types\/product"}],"wp:featuredmedia":[{"embeddable":true,"href":"https:\/\/prosataudio.tn\/index.php?rest_route=\/wp\/v2\/media\/7815"}],"wp:attachment":[{"href":"https:\/\/prosataudio.tn\/index.php?rest_route=%2Fwp%2Fv2%2Fmedia&parent=7814"}],"wp:term":[{"taxonomy":"product_brand","embeddable":true,"href":"https:\/\/prosataudio.tn\/index.php?rest_route=%2Fwp%2Fv2%2Fproduct_brand&post=7814"},{"taxonomy":"product_cat","embeddable":true,"href":"https:\/\/prosataudio.tn\/index.php?rest_route=%2Fwp%2Fv2%2Fproduct_cat&post=7814"},{"taxonomy":"product_tag","embeddable":true,"href":"https:\/\/prosataudio.tn\/index.php?rest_route=%2Fwp%2Fv2%2Fproduct_tag&post=7814"}],"curies":[{"name":"wp","href":"https:\/\/api.w.org\/{rel}","templated":true}]}}