{"id":7827,"date":"2026-03-26T12:51:04","date_gmt":"2026-03-26T11:51:04","guid":{"rendered":"https:\/\/prosataudio.tn\/?post_type=product&#038;p=7827"},"modified":"2026-03-27T11:03:08","modified_gmt":"2026-03-27T10:03:08","slug":"microphone-cravate-sans-fil-professionnel-bnk-dm200hl","status":"publish","type":"product","link":"https:\/\/prosataudio.tn\/?product=microphone-cravate-sans-fil-professionnel-bnk-dm200hl","title":{"rendered":"Microphone-cravate sans fil professionnel BNK DM200HL"},"content":{"rendered":"<div class=\"wpb-content-wrapper\"><p>[vc_row css=\u00a0\u00bb.vc_custom_1666272380651{margin-bottom: 80px !important;}\u00a0\u00bb woodmart_css_id=\u00a0\u00bb63514c723c2f3&Prime; responsive_spacing=\u00a0\u00bbeyJwYXJhbV90eXBlIjoid29vZG1hcnRfcmVzcG9uc2l2ZV9zcGFjaW5nIiwic2VsZWN0b3JfaWQiOiI2MzUxNGM3MjNjMmYzIiwic2hvcnRjb2RlIjoidmNfcm93IiwiZGF0YSI6eyJ0YWJsZXQiOnsibWFyZ2luLWJvdHRvbSI6IjYwIn0sIm1vYmlsZSI6eyJtYXJnaW4tYm90dG9tIjoiNDAifX19&Prime; mobile_bg_img_hidden=\u00a0\u00bbno\u00a0\u00bb tablet_bg_img_hidden=\u00a0\u00bbno\u00a0\u00bb woodmart_parallax=\u00a0\u00bb0&Prime; woodmart_gradient_switch=\u00a0\u00bbno\u00a0\u00bb woodmart_box_shadow=\u00a0\u00bbno\u00a0\u00bb wd_z_index=\u00a0\u00bbno\u00a0\u00bb woodmart_disable_overflow=\u00a0\u00bb0&Prime; row_reverse_mobile=\u00a0\u00bb0&Prime; row_reverse_tablet=\u00a0\u00bb0&Prime;][vc_column css=\u00a0\u00bb.vc_custom_1666272391679{padding-top: 0px !important;}\u00a0\u00bb woodmart_css_id=\u00a0\u00bb63514c8260958&Prime; parallax_scroll=\u00a0\u00bbno\u00a0\u00bb woodmart_sticky_column=\u00a0\u00bbfalse\u00a0\u00bb wd_collapsible_content_switcher=\u00a0\u00bbno\u00a0\u00bb wd_column_role_offcanvas_desktop=\u00a0\u00bbno\u00a0\u00bb wd_column_role_offcanvas_tablet=\u00a0\u00bbno\u00a0\u00bb wd_column_role_offcanvas_mobile=\u00a0\u00bbno\u00a0\u00bb wd_column_role_content_desktop=\u00a0\u00bbno\u00a0\u00bb wd_column_role_content_tablet=\u00a0\u00bbno\u00a0\u00bb wd_column_role_content_mobile=\u00a0\u00bbno\u00a0\u00bb mobile_bg_img_hidden=\u00a0\u00bbno\u00a0\u00bb tablet_bg_img_hidden=\u00a0\u00bbno\u00a0\u00bb woodmart_parallax=\u00a0\u00bb0&Prime; woodmart_box_shadow=\u00a0\u00bbno\u00a0\u00bb responsive_spacing=\u00a0\u00bbeyJwYXJhbV90eXBlIjoid29vZG1hcnRfcmVzcG9uc2l2ZV9zcGFjaW5nIiwic2VsZWN0b3JfaWQiOiI2MzUxNGM4MjYwOTU4Iiwic2hvcnRjb2RlIjoidmNfY29sdW1uIiwiZGF0YSI6eyJ0YWJsZXQiOnt9LCJtb2JpbGUiOnt9fX0=\u00a0\u00bb mobile_reset_margin=\u00a0\u00bbno\u00a0\u00bb tablet_reset_margin=\u00a0\u00bbno\u00a0\u00bb wd_z_index=\u00a0\u00bbno\u00a0\u00bb]\n\t\t<div id=\"wd-69c2cc7432ca4\" class=\"title-wrapper wd-wpb wd-set-mb reset-last-child  wd-rs-69c2cc7432ca4 wd-title-color-default wd-title-style-default text-center  wd-underline-colored\">\n\t\t\t\n\t\t\t<div class=\"liner-continer\">\n\t\t\t\t<h4 class=\"woodmart-title-container title  wd-font-weight- wd-fontsize-l\" >Capsule Microphone Dynamique SHUPU KG300F \u2013 Cartouche Durable pour Micro Pro (Divers Microphones Compatibles)<\/h4>\n\t\t\t\t\t\t\t<\/div>\n\t\t\t\n\t\t\t\n\t\t\t\n\t\t<\/div>\n\t\t\n\t\t\t\t<div id=\"wd-69c5193832b14\" class=\"wd-image wd-wpb wd-rs-69c5193832b14 text-center \">\n\t\t\t\n\t\t\t<img loading=\"lazy\" decoding=\"async\" width=\"300\" height=\"251\" src=\"https:\/\/prosataudio.tn\/wp-content\/uploads\/2026\/03\/DM200HL-2.avif\" class=\"attachment-medium size-medium\" alt=\"\" \/>\n\t\t\t\t\t<\/div>\n\t\t\t\t<div id=\"wd-69c517d245590\" class=\"wd-text-block wd-wpb reset-last-child wd-rs-69c517d245590 text-left vc_custom_1774524380494\">\n\t\t\t<p class=\"ds-markdown-paragraph\">Microphone-cravate (lavalier) sans fil professionnel de qualit\u00e9, fonctionnant en <strong>UHF<\/strong> avec une port\u00e9e de <strong>50 \u00e0 70 m\u00e8tres<\/strong>. Sa capsule <strong>cardio\u00efde<\/strong>, son <strong>\u00e9galiseur int\u00e9gr\u00e9<\/strong>, sa construction en <strong>m\u00e9tal<\/strong> et son excellent rapport signal\/bruit (&gt;105dB) en font un outil id\u00e9al pour les conf\u00e9rences, les \u00e9glises, le th\u00e9\u00e2tre et les pr\u00e9sentations mobiles.<\/p>\n<p class=\"ds-markdown-paragraph\"><strong>Description longue et d\u00e9taill\u00e9e :<\/strong><br \/>\nLe microphone-cravate sans fil <strong>BNK DM200HL<\/strong> est une solution audio professionnelle discr\u00e8te et performante, con\u00e7ue pour les orateurs, les com\u00e9diens, les conf\u00e9renciers et les musiciens. Offrant une qualit\u00e9 sonore exceptionnelle et une grande libert\u00e9 de mouvement, il est parfait pour les applications o\u00f9 la discr\u00e9tion et la clart\u00e9 sont essentielles.<\/p>\n<ul>\n<li>\n<p class=\"ds-markdown-paragraph\"><strong>Discr\u00e9tion et Libert\u00e9 Totale :<\/strong> Le format <strong>micro-cravate (lavalier)<\/strong> se fixe discr\u00e8tement sur les v\u00eatements, offrant une libert\u00e9 de mouvement incomparable. La transmission <strong>UHF<\/strong> assure une port\u00e9e stable de <strong>50 \u00e0 70 m\u00e8tres<\/strong>, id\u00e9al pour les grandes sc\u00e8nes et les vastes salles.<\/p>\n<\/li>\n<li>\n<p class=\"ds-markdown-paragraph\"><strong>Qualit\u00e9 Audio Professionnelle :<\/strong><\/p>\n<ul>\n<li>\n<p class=\"ds-markdown-paragraph\">Rapport signal\/bruit exceptionnel de <strong>&gt;105 dB<\/strong> pour un son clair et sans bruit de fond.<\/p>\n<\/li>\n<li>\n<p class=\"ds-markdown-paragraph\">R\u00e9ponse en fr\u00e9quence \u00e9tendue de <strong>60Hz \u00e0 18kHz<\/strong>, capturant toute la richesse et les nuances de la voix.<\/p>\n<\/li>\n<li>\n<p class=\"ds-markdown-paragraph\"><strong>\u00c9galiseur int\u00e9gr\u00e9<\/strong> (Equalizer function) pour ajuster finement la tonalit\u00e9 et adapter le son \u00e0 l&rsquo;acoustique de la pi\u00e8ce ou \u00e0 vos pr\u00e9f\u00e9rences.<\/p>\n<\/li>\n<\/ul>\n<\/li>\n<li>\n<p class=\"ds-markdown-paragraph\"><strong>Capsule Cardio\u00efde Anti-Bruit :<\/strong> Sa directivit\u00e9 <strong>cardio\u00efde<\/strong> capte le son principalement depuis l&rsquo;avant (la bouche de l&rsquo;utilisateur) tout en rejetant efficacement les bruits de fond et les retours (larsen). Id\u00e9al pour les environnements o\u00f9 la qualit\u00e9 de la parole est cruciale.<\/p>\n<\/li>\n<li>\n<p class=\"ds-markdown-paragraph\"><strong>Construction Robuste en M\u00e9tal :<\/strong> L&rsquo;\u00e9metteur est fabriqu\u00e9 en <strong>m\u00e9tal<\/strong>, garantissant une excellente r\u00e9sistance aux chocs et une longue dur\u00e9e de vie, m\u00eame en utilisation intensive.<\/p>\n<\/li>\n<li>\n<p class=\"ds-markdown-paragraph\"><strong>Grande Autonomie :<\/strong> Fonctionne avec <strong>2 piles AA (1.5V)<\/strong> pour une longue dur\u00e9e d&rsquo;utilisation, pratique pour les conf\u00e9rences et les \u00e9v\u00e9nements prolong\u00e9s.<\/p>\n<\/li>\n<li>\n<p class=\"ds-markdown-paragraph\"><strong>Applications Id\u00e9ales :<\/strong><\/p>\n<ul>\n<li>\n<p class=\"ds-markdown-paragraph\"><strong>Conf\u00e9rences et s\u00e9minaires<\/strong> : Pour des orateurs mobiles et discrets.<\/p>\n<\/li>\n<li>\n<p class=\"ds-markdown-paragraph\"><strong>\u00c9glises et lieux de culte<\/strong> : Pour les pr\u00eaches et les lectures.<\/p>\n<\/li>\n<li>\n<p class=\"ds-markdown-paragraph\"><strong>Th\u00e9\u00e2tre et spectacles<\/strong> : Id\u00e9al pour les com\u00e9diens qui se d\u00e9placent.<\/p>\n<\/li>\n<li>\n<p class=\"ds-markdown-paragraph\"><strong>Pr\u00e9sentations et formations<\/strong> : Parfait pour les formateurs et les pr\u00e9sentateurs.<\/p>\n<\/li>\n<li>\n<p class=\"ds-markdown-paragraph\"><strong>Vid\u00e9astes et cr\u00e9ateurs de contenu<\/strong> : Pour un son de qualit\u00e9 lors des interviews ou des vid\u00e9os<\/p>\n<\/li>\n<\/ul>\n<\/li>\n<\/ul>\n\t\t<\/div>\n\t\t[\/vc_column][\/vc_row]<\/p>\n<\/div>","protected":false},"excerpt":{"rendered":"<p>Le <strong data-start=\"376\" data-end=\"411\">syst\u00e8me microphone sans fil BNK<\/strong> est con\u00e7u pour offrir une solution audio fiable et pratique pour les applications professionnelles et \u00e9v\u00e9nementielles. Il comprend un ou plusieurs <strong data-start=\"559\" data-end=\"583\">microphones sans fil<\/strong> accompagn\u00e9s d\u2019un <strong data-start=\"601\" data-end=\"614\">r\u00e9cepteur<\/strong>, garantissant une transmission stable et une grande libert\u00e9 de mouvement.<\/p>\n","protected":false},"featured_media":7828,"template":"","meta":[],"product_brand":[392],"product_cat":[265,264,248,249],"product_tag":[341,404,401,406],"class_list":{"0":"post-7827","1":"product","2":"type-product","3":"status-publish","4":"has-post-thumbnail","6":"product_brand-bnk","7":"product_cat-micro-sans-fil-a-man","8":"product_cat-microphone","9":"product_cat-sonorisation","10":"product_cat-sonorisation-live","11":"product_tag-karaoke","12":"product_tag-micro-vhf","13":"product_tag-sonorisation","14":"product_tag-systeme-uhf","16":"first","17":"instock","18":"sale","19":"taxable","20":"shipping-taxable","21":"purchasable","22":"product-type-simple"},"_links":{"self":[{"href":"https:\/\/prosataudio.tn\/index.php?rest_route=\/wp\/v2\/product\/7827","targetHints":{"allow":["GET"]}}],"collection":[{"href":"https:\/\/prosataudio.tn\/index.php?rest_route=\/wp\/v2\/product"}],"about":[{"href":"https:\/\/prosataudio.tn\/index.php?rest_route=\/wp\/v2\/types\/product"}],"wp:featuredmedia":[{"embeddable":true,"href":"https:\/\/prosataudio.tn\/index.php?rest_route=\/wp\/v2\/media\/7828"}],"wp:attachment":[{"href":"https:\/\/prosataudio.tn\/index.php?rest_route=%2Fwp%2Fv2%2Fmedia&parent=7827"}],"wp:term":[{"taxonomy":"product_brand","embeddable":true,"href":"https:\/\/prosataudio.tn\/index.php?rest_route=%2Fwp%2Fv2%2Fproduct_brand&post=7827"},{"taxonomy":"product_cat","embeddable":true,"href":"https:\/\/prosataudio.tn\/index.php?rest_route=%2Fwp%2Fv2%2Fproduct_cat&post=7827"},{"taxonomy":"product_tag","embeddable":true,"href":"https:\/\/prosataudio.tn\/index.php?rest_route=%2Fwp%2Fv2%2Fproduct_tag&post=7827"}],"curies":[{"name":"wp","href":"https:\/\/api.w.org\/{rel}","templated":true}]}}