{"id":7835,"date":"2026-03-26T13:29:08","date_gmt":"2026-03-26T12:29:08","guid":{"rendered":"https:\/\/prosataudio.tn\/?post_type=product&#038;p=7835"},"modified":"2026-03-26T13:29:08","modified_gmt":"2026-03-26T12:29:08","slug":"systeme-de-micro-conference-sans-fil-uhf-bnk-es800con","status":"publish","type":"product","link":"https:\/\/prosataudio.tn\/?product=systeme-de-micro-conference-sans-fil-uhf-bnk-es800con","title":{"rendered":"Syst\u00e8me de micro-conf\u00e9rence sans fil UHF BNK ES800CON"},"content":{"rendered":"<div class=\"wpb-content-wrapper\"><p>[vc_row css=\u00a0\u00bb.vc_custom_1666272380651{margin-bottom: 80px !important;}\u00a0\u00bb woodmart_css_id=\u00a0\u00bb63514c723c2f3&Prime; responsive_spacing=\u00a0\u00bbeyJwYXJhbV90eXBlIjoid29vZG1hcnRfcmVzcG9uc2l2ZV9zcGFjaW5nIiwic2VsZWN0b3JfaWQiOiI2MzUxNGM3MjNjMmYzIiwic2hvcnRjb2RlIjoidmNfcm93IiwiZGF0YSI6eyJ0YWJsZXQiOnsibWFyZ2luLWJvdHRvbSI6IjYwIn0sIm1vYmlsZSI6eyJtYXJnaW4tYm90dG9tIjoiNDAifX19&Prime; mobile_bg_img_hidden=\u00a0\u00bbno\u00a0\u00bb tablet_bg_img_hidden=\u00a0\u00bbno\u00a0\u00bb woodmart_parallax=\u00a0\u00bb0&Prime; woodmart_gradient_switch=\u00a0\u00bbno\u00a0\u00bb woodmart_box_shadow=\u00a0\u00bbno\u00a0\u00bb wd_z_index=\u00a0\u00bbno\u00a0\u00bb woodmart_disable_overflow=\u00a0\u00bb0&Prime; row_reverse_mobile=\u00a0\u00bb0&Prime; row_reverse_tablet=\u00a0\u00bb0&Prime;][vc_column css=\u00a0\u00bb.vc_custom_1666272391679{padding-top: 0px !important;}\u00a0\u00bb woodmart_css_id=\u00a0\u00bb63514c8260958&Prime; parallax_scroll=\u00a0\u00bbno\u00a0\u00bb woodmart_sticky_column=\u00a0\u00bbfalse\u00a0\u00bb wd_collapsible_content_switcher=\u00a0\u00bbno\u00a0\u00bb wd_column_role_offcanvas_desktop=\u00a0\u00bbno\u00a0\u00bb wd_column_role_offcanvas_tablet=\u00a0\u00bbno\u00a0\u00bb wd_column_role_offcanvas_mobile=\u00a0\u00bbno\u00a0\u00bb wd_column_role_content_desktop=\u00a0\u00bbno\u00a0\u00bb wd_column_role_content_tablet=\u00a0\u00bbno\u00a0\u00bb wd_column_role_content_mobile=\u00a0\u00bbno\u00a0\u00bb mobile_bg_img_hidden=\u00a0\u00bbno\u00a0\u00bb tablet_bg_img_hidden=\u00a0\u00bbno\u00a0\u00bb woodmart_parallax=\u00a0\u00bb0&Prime; woodmart_box_shadow=\u00a0\u00bbno\u00a0\u00bb responsive_spacing=\u00a0\u00bbeyJwYXJhbV90eXBlIjoid29vZG1hcnRfcmVzcG9uc2l2ZV9zcGFjaW5nIiwic2VsZWN0b3JfaWQiOiI2MzUxNGM4MjYwOTU4Iiwic2hvcnRjb2RlIjoidmNfY29sdW1uIiwiZGF0YSI6eyJ0YWJsZXQiOnt9LCJtb2JpbGUiOnt9fX0=\u00a0\u00bb mobile_reset_margin=\u00a0\u00bbno\u00a0\u00bb tablet_reset_margin=\u00a0\u00bbno\u00a0\u00bb wd_z_index=\u00a0\u00bbno\u00a0\u00bb]\n\t\t<div id=\"wd-69c5240e600b4\" class=\"title-wrapper wd-wpb wd-set-mb reset-last-child  wd-rs-69c5240e600b4 wd-title-color-default wd-title-style-default text-center  wd-underline-colored\">\n\t\t\t\n\t\t\t<div class=\"liner-continer\">\n\t\t\t\t<h4 class=\"woodmart-title-container title  wd-font-weight- wd-fontsize-l\" >Syst\u00e8me Microphone Sans Fil UHF BNK 2 Micros \u2013 R\u00e9cepteur Multi-Canaux avec 2 Micros Main pour Conf\u00e9rence<\/h4>\n\t\t\t\t\t\t\t<\/div>\n\t\t\t\n\t\t\t\n\t\t\t\n\t\t<\/div>\n\t\t\n\t\t\t\t<div id=\"wd-69c5261e80745\" class=\"wd-image wd-wpb wd-rs-69c5261e80745 text-center \">\n\t\t\t\n\t\t\t<img loading=\"lazy\" decoding=\"async\" width=\"300\" height=\"300\" src=\"https:\/\/prosataudio.tn\/wp-content\/uploads\/2026\/03\/ES600CON-2-300x300.png\" class=\"attachment-medium size-medium\" alt=\"\" srcset=\"https:\/\/prosataudio.tn\/wp-content\/uploads\/2026\/03\/ES600CON-2-300x300.png 300w, https:\/\/prosataudio.tn\/wp-content\/uploads\/2026\/03\/ES600CON-2-150x150.png 150w, https:\/\/prosataudio.tn\/wp-content\/uploads\/2026\/03\/ES600CON-2-600x600.png 600w, https:\/\/prosataudio.tn\/wp-content\/uploads\/2026\/03\/ES600CON-2.png 640w\" sizes=\"auto, (max-width: 300px) 100vw, 300px\" \/>\n\t\t\t\t\t<\/div>\n\t\t\t\t<div id=\"wd-69c5264f0224a\" class=\"wd-text-block wd-wpb reset-last-child wd-rs-69c5264f0224a text-left vc_custom_1774528085004\">\n\t\t\t<p class=\"ds-markdown-paragraph\">Syst\u00e8me de micro sans fil <strong>UHF<\/strong> professionnel avec <strong>8 canaux<\/strong> commutables, con\u00e7u pour les conf\u00e9rences, les d\u00e9bats et les installations fixes. Cette version comprend <strong>2 micros main (handheld)<\/strong> dynamiques, offrant une grande libert\u00e9 de mouvement avec une port\u00e9e de <strong>50 \u00e0 80 m\u00e8tres<\/strong>. Une solution compl\u00e8te et flexible pour les r\u00e9unions, les \u00e9glises ou les petites sc\u00e8nes.<\/p>\n<p class=\"ds-markdown-paragraph\"><strong>Description longue et d\u00e9taill\u00e9e :<\/strong><br \/>\nLe syst\u00e8me de micro sans fil <strong>BNK ES800CON<\/strong> est une solution audio professionnelle polyvalente, sp\u00e9cialement con\u00e7ue pour les environnements de conf\u00e9rence et les applications o\u00f9 la flexibilit\u00e9 est essentielle. Avec ses <strong>8 canaux commutables<\/strong> en UHF, il garantit une transmission stable m\u00eame dans les environnements radio-denses. Cette version est \u00e9quip\u00e9e de <strong>2 micros main (handheld)<\/strong>, parfaits pour les orateurs, les animateurs ou les chanteurs.<\/p>\n<ul>\n<li>\n<p class=\"ds-markdown-paragraph\"><strong>Syst\u00e8me 8 Canaux pour une Flexibilit\u00e9 Maximale :<\/strong> Avec <strong>8 fr\u00e9quences commutables<\/strong> dans la bande UHF (600-920MHz), ce syst\u00e8me peut \u00eatre utilis\u00e9 simultan\u00e9ment avec d&rsquo;autres \u00e9quipements sans fil sans risque d&rsquo;interf\u00e9rence. Id\u00e9al pour les installations multi-micros.<\/p>\n<\/li>\n<li>\n<p class=\"ds-markdown-paragraph\"><strong>Deux Micros Main Dynamiques Inclus :<\/strong> Cette version est livr\u00e9e avec <strong>2 micros main (handheld)<\/strong> de qualit\u00e9 professionnelle. Leur capsule <strong>dynamique<\/strong> est id\u00e9ale pour la parole et le chant, offrant une excellente intelligibilit\u00e9 et une grande robustesse.<\/p>\n<\/li>\n<li>\n<p class=\"ds-markdown-paragraph\"><strong>Port\u00e9e \u00c9tendue de 50 \u00e0 80 M\u00e8tres :<\/strong> Gr\u00e2ce \u00e0 sa technologie UHF, le syst\u00e8me offre une port\u00e9e stable allant jusqu&rsquo;\u00e0 <strong>80 m\u00e8tres<\/strong>, permettant aux orateurs de se d\u00e9placer librement sur sc\u00e8ne ou dans une salle de conf\u00e9rence.<\/p>\n<\/li>\n<li>\n<p class=\"ds-markdown-paragraph\"><strong>Qualit\u00e9 Audio Professionnelle :<\/strong><\/p>\n<ul>\n<li>\n<p class=\"ds-markdown-paragraph\">Rapport signal\/bruit \u00e9lev\u00e9 de <strong>&gt;90 dB<\/strong> pour un son clair et sans souffle.<\/p>\n<\/li>\n<li>\n<p class=\"ds-markdown-paragraph\">R\u00e9ponse en fr\u00e9quence de <strong>50Hz \u00e0 15kHz<\/strong>, parfaitement adapt\u00e9e \u00e0 la reproduction vocale.<\/p>\n<\/li>\n<li>\n<p class=\"ds-markdown-paragraph\">Directivit\u00e9 <strong>cardio\u00efde<\/strong> pour les micros main, r\u00e9duisant les bruits de fond et les retours (larsen).<\/p>\n<\/li>\n<\/ul>\n<\/li>\n<li>\n<p class=\"ds-markdown-paragraph\"><strong>Construction Robuste :<\/strong> Les micros main sont fabriqu\u00e9s en <strong>m\u00e9tal<\/strong>, garantissant une excellente r\u00e9sistance aux chocs et une longue dur\u00e9e de vie, m\u00eame en utilisation intensive.<\/p>\n<\/li>\n<li>\n<p class=\"ds-markdown-paragraph\"><strong>Applications Id\u00e9ales :<\/strong><\/p>\n<ul>\n<li>\n<p class=\"ds-markdown-paragraph\"><strong>Conf\u00e9rences et d\u00e9bats<\/strong> : Pour les orateurs et les mod\u00e9rateurs.<\/p>\n<\/li>\n<li>\n<p class=\"ds-markdown-paragraph\"><strong>\u00c9glises et lieux de culte<\/strong> : Pour les pr\u00eaches et les louanges.<\/p>\n<\/li>\n<li>\n<p class=\"ds-markdown-paragraph\"><strong>Karaok\u00e9 et animations<\/strong> : Libert\u00e9 de mouvement pour les animateurs.<\/p>\n<\/li>\n<li>\n<p class=\"ds-markdown-paragraph\"><strong>Salles de r\u00e9union et s\u00e9minaires<\/strong> : Solution simple et fiable.<\/p>\n<\/li>\n<li>\n<p class=\"ds-markdown-paragraph\"><strong>Petite sc\u00e8ne<\/strong> : Pour les chanteurs ou les pr\u00e9sentateurs.<\/p>\n<\/li>\n<\/ul>\n<\/li>\n<\/ul>\n\t\t<\/div>\n\t\t[\/vc_column][\/vc_row]<\/p>\n<\/div>","protected":false},"excerpt":{"rendered":"<p>Le <strong data-start=\"936\" data-end=\"975\">syst\u00e8me microphone sans fil UHF BNK<\/strong> est une solution professionnelle con\u00e7ue pour la sonorisation, les conf\u00e9rences et les \u00e9v\u00e9nements. Cette version est propos\u00e9e avec <strong data-start=\"1105\" data-end=\"1138\">2 microphones sans fil \u00e0 main<\/strong>, id\u00e9ale pour une utilisation simple et efficace.<\/p>\n","protected":false},"featured_media":7836,"template":"","meta":[],"product_brand":[392],"product_cat":[271,264,248,249],"product_tag":[221,348,407,406,405],"class_list":{"0":"post-7835","1":"product","2":"type-product","3":"status-publish","4":"has-post-thumbnail","6":"product_brand-bnk","7":"product_cat-micro-cravate-sans-fil","8":"product_cat-microphone","9":"product_cat-sonorisation","10":"product_cat-sonorisation-live","11":"product_tag-8-canaux","12":"product_tag-conference","13":"product_tag-recepteur-multi-canal","14":"product_tag-systeme-uhf","15":"product_tag-wireless","17":"first","18":"instock","19":"taxable","20":"shipping-taxable","21":"purchasable","22":"product-type-simple"},"_links":{"self":[{"href":"https:\/\/prosataudio.tn\/index.php?rest_route=\/wp\/v2\/product\/7835","targetHints":{"allow":["GET"]}}],"collection":[{"href":"https:\/\/prosataudio.tn\/index.php?rest_route=\/wp\/v2\/product"}],"about":[{"href":"https:\/\/prosataudio.tn\/index.php?rest_route=\/wp\/v2\/types\/product"}],"wp:featuredmedia":[{"embeddable":true,"href":"https:\/\/prosataudio.tn\/index.php?rest_route=\/wp\/v2\/media\/7836"}],"wp:attachment":[{"href":"https:\/\/prosataudio.tn\/index.php?rest_route=%2Fwp%2Fv2%2Fmedia&parent=7835"}],"wp:term":[{"taxonomy":"product_brand","embeddable":true,"href":"https:\/\/prosataudio.tn\/index.php?rest_route=%2Fwp%2Fv2%2Fproduct_brand&post=7835"},{"taxonomy":"product_cat","embeddable":true,"href":"https:\/\/prosataudio.tn\/index.php?rest_route=%2Fwp%2Fv2%2Fproduct_cat&post=7835"},{"taxonomy":"product_tag","embeddable":true,"href":"https:\/\/prosataudio.tn\/index.php?rest_route=%2Fwp%2Fv2%2Fproduct_tag&post=7835"}],"curies":[{"name":"wp","href":"https:\/\/api.w.org\/{rel}","templated":true}]}}