{"id":7842,"date":"2026-03-26T19:45:07","date_gmt":"2026-03-26T18:45:07","guid":{"rendered":"https:\/\/prosataudio.tn\/?post_type=product&#038;p=7842"},"modified":"2026-03-26T19:45:07","modified_gmt":"2026-03-26T18:45:07","slug":"systeme-micro-sans-fil-professionnel-bnk-bk8300","status":"publish","type":"product","link":"https:\/\/prosataudio.tn\/?product=systeme-micro-sans-fil-professionnel-bnk-bk8300","title":{"rendered":"Syst\u00e8me micro sans fil professionnel BNK BK8300"},"content":{"rendered":"<div class=\"wpb-content-wrapper\"><p>[vc_row css=\u00a0\u00bb.vc_custom_1666272380651{margin-bottom: 80px !important;}\u00a0\u00bb woodmart_css_id=\u00a0\u00bb63514c723c2f3&Prime; responsive_spacing=\u00a0\u00bbeyJwYXJhbV90eXBlIjoid29vZG1hcnRfcmVzcG9uc2l2ZV9zcGFjaW5nIiwic2VsZWN0b3JfaWQiOiI2MzUxNGM3MjNjMmYzIiwic2hvcnRjb2RlIjoidmNfcm93IiwiZGF0YSI6eyJ0YWJsZXQiOnsibWFyZ2luLWJvdHRvbSI6IjYwIn0sIm1vYmlsZSI6eyJtYXJnaW4tYm90dG9tIjoiNDAifX19&Prime; mobile_bg_img_hidden=\u00a0\u00bbno\u00a0\u00bb tablet_bg_img_hidden=\u00a0\u00bbno\u00a0\u00bb woodmart_parallax=\u00a0\u00bb0&Prime; woodmart_gradient_switch=\u00a0\u00bbno\u00a0\u00bb woodmart_box_shadow=\u00a0\u00bbno\u00a0\u00bb wd_z_index=\u00a0\u00bbno\u00a0\u00bb woodmart_disable_overflow=\u00a0\u00bb0&Prime; row_reverse_mobile=\u00a0\u00bb0&Prime; row_reverse_tablet=\u00a0\u00bb0&Prime;][vc_column css=\u00a0\u00bb.vc_custom_1666272391679{padding-top: 0px !important;}\u00a0\u00bb woodmart_css_id=\u00a0\u00bb63514c8260958&Prime; parallax_scroll=\u00a0\u00bbno\u00a0\u00bb woodmart_sticky_column=\u00a0\u00bbfalse\u00a0\u00bb wd_collapsible_content_switcher=\u00a0\u00bbno\u00a0\u00bb wd_column_role_offcanvas_desktop=\u00a0\u00bbno\u00a0\u00bb wd_column_role_offcanvas_tablet=\u00a0\u00bbno\u00a0\u00bb wd_column_role_offcanvas_mobile=\u00a0\u00bbno\u00a0\u00bb wd_column_role_content_desktop=\u00a0\u00bbno\u00a0\u00bb wd_column_role_content_tablet=\u00a0\u00bbno\u00a0\u00bb wd_column_role_content_mobile=\u00a0\u00bbno\u00a0\u00bb mobile_bg_img_hidden=\u00a0\u00bbno\u00a0\u00bb tablet_bg_img_hidden=\u00a0\u00bbno\u00a0\u00bb woodmart_parallax=\u00a0\u00bb0&Prime; woodmart_box_shadow=\u00a0\u00bbno\u00a0\u00bb responsive_spacing=\u00a0\u00bbeyJwYXJhbV90eXBlIjoid29vZG1hcnRfcmVzcG9uc2l2ZV9zcGFjaW5nIiwic2VsZWN0b3JfaWQiOiI2MzUxNGM4MjYwOTU4Iiwic2hvcnRjb2RlIjoidmNfY29sdW1uIiwiZGF0YSI6eyJ0YWJsZXQiOnt9LCJtb2JpbGUiOnt9fX0=\u00a0\u00bb mobile_reset_margin=\u00a0\u00bbno\u00a0\u00bb tablet_reset_margin=\u00a0\u00bbno\u00a0\u00bb wd_z_index=\u00a0\u00bbno\u00a0\u00bb]\n\t\t<div id=\"wd-69c57e4a98c0b\" class=\"title-wrapper wd-wpb wd-set-mb reset-last-child  wd-rs-69c57e4a98c0b wd-title-color-default wd-title-style-default text-center  wd-underline-colored\">\n\t\t\t\n\t\t\t<div class=\"liner-continer\">\n\t\t\t\t<h4 class=\"woodmart-title-container title  wd-font-weight- wd-fontsize-l\" >Microphone Sans Fil UHF BNK \u2013 Syst\u00e8me Micro HF Professionnel avec R\u00e9cepteur pour Karaok\u00e9 et Conf\u00e9rence<\/h4>\n\t\t\t\t\t\t\t<\/div>\n\t\t\t\n\t\t\t\n\t\t\t\n\t\t<\/div>\n\t\t\n\t\t\t\t<div id=\"wd-69c57e586dbfc\" class=\"wd-image wd-wpb wd-rs-69c57e586dbfc text-center \">\n\t\t\t\n\t\t\t<img loading=\"lazy\" decoding=\"async\" width=\"300\" height=\"300\" src=\"https:\/\/prosataudio.tn\/wp-content\/uploads\/2026\/03\/BK8300-300x300.jpg\" class=\"attachment-medium size-medium\" alt=\"\" srcset=\"https:\/\/prosataudio.tn\/wp-content\/uploads\/2026\/03\/BK8300-300x300.jpg 300w, https:\/\/prosataudio.tn\/wp-content\/uploads\/2026\/03\/BK8300-150x150.jpg 150w, https:\/\/prosataudio.tn\/wp-content\/uploads\/2026\/03\/BK8300.jpg 600w\" sizes=\"auto, (max-width: 300px) 100vw, 300px\" \/>\n\t\t\t\t\t<\/div>\n\t\t\t\t<div id=\"wd-69c57e6f83429\" class=\"wd-text-block wd-wpb reset-last-child wd-rs-69c57e6f83429 text-left vc_custom_1774550642597\">\n\t\t\t<p class=\"ds-markdown-paragraph\">Syst\u00e8me micro sans fil professionnel <strong>2 canaux<\/strong> fonctionnant en <strong>UHF<\/strong> avec <strong>2 micros main (handheld)<\/strong> dynamiques. Id\u00e9al pour le karaok\u00e9, les \u00e9glises, les sc\u00e8nes et les conf\u00e9rences, il offre une port\u00e9e stable, une qualit\u00e9 audio claire et une construction m\u00e9tallique robuste. Une solution fiable et polyvalente.<\/p>\n<p class=\"ds-markdown-paragraph\"><strong>Description longue et d\u00e9taill\u00e9e :<\/strong><br \/>\nLe syst\u00e8me micro sans fil <strong>BNK BK8300<\/strong> est une solution audio professionnelle compl\u00e8te, con\u00e7ue pour les musiciens, les animateurs, les conf\u00e9renciers et les lieux de culte. Avec ses deux micros main dynamiques, sa technologie UHF et sa construction robuste, il garantit des performances sans fil stables et une qualit\u00e9 sonore exceptionnelle.<\/p>\n<ul>\n<li>\n<p class=\"ds-markdown-paragraph\"><strong>Syst\u00e8me Double Canal UHF :<\/strong> Fonctionnant sur des fr\u00e9quences <strong>UHF (600-850MHz)<\/strong> , ce syst\u00e8me offre une meilleure stabilit\u00e9 du signal et moins d&rsquo;interf\u00e9rences que les syst\u00e8mes VHF. Avec <strong>2 canaux<\/strong>, il permet d&rsquo;utiliser deux micros simultan\u00e9ment, id\u00e9al pour les duos, les d\u00e9bats ou les animations.<\/p>\n<\/li>\n<li>\n<p class=\"ds-markdown-paragraph\"><strong>Deux Micros Main Dynamiques Inclus :<\/strong> Cette version est livr\u00e9e avec <strong>2 micros main (handheld)<\/strong> de qualit\u00e9 professionnelle. Leur capsule <strong>dynamique<\/strong> est id\u00e9ale pour la parole et le chant, offrant une excellente intelligibilit\u00e9 et une grande robustesse face aux niveaux de pression sonore \u00e9lev\u00e9s.<\/p>\n<\/li>\n<li>\n<p class=\"ds-markdown-paragraph\"><strong>Qualit\u00e9 Audio Professionnelle :<\/strong><\/p>\n<ul>\n<li>\n<p class=\"ds-markdown-paragraph\">R\u00e9ponse en fr\u00e9quence de <strong>50Hz \u00e0 15kHz<\/strong>, parfaitement adapt\u00e9e \u00e0 la reproduction vocale.<\/p>\n<\/li>\n<li>\n<p class=\"ds-markdown-paragraph\">Sensibilit\u00e9 \u00e9lev\u00e9e <strong>&gt;-80dB<\/strong> pour une captation pr\u00e9cise.<\/p>\n<\/li>\n<li>\n<p class=\"ds-markdown-paragraph\">Directivit\u00e9 <strong>cardio\u00efde<\/strong> pour les micros, r\u00e9duisant les bruits de fond et les retours (larsen).<\/p>\n<\/li>\n<\/ul>\n<\/li>\n<li>\n<p class=\"ds-markdown-paragraph\"><strong>Port\u00e9e \u00c9tendue :<\/strong> Gr\u00e2ce \u00e0 sa technologie UHF, le syst\u00e8me offre une port\u00e9e stable de <strong>50 \u00e0 80 m\u00e8tres<\/strong>, permettant aux utilisateurs de se d\u00e9placer librement sur sc\u00e8ne ou dans une salle.<\/p>\n<\/li>\n<li>\n<p class=\"ds-markdown-paragraph\"><strong>Construction Robuste en M\u00e9tal :<\/strong> Les micros sont fabriqu\u00e9s en <strong>m\u00e9tal<\/strong>, garantissant une excellente r\u00e9sistance aux chocs et une longue dur\u00e9e de vie, m\u00eame en utilisation intensive.<\/p>\n<\/li>\n<li>\n<p class=\"ds-markdown-paragraph\"><strong>Applications Id\u00e9ales :<\/strong><\/p>\n<ul>\n<li>\n<p class=\"ds-markdown-paragraph\"><strong>Karaok\u00e9 et animations<\/strong> : Libert\u00e9 de mouvement pour les animateurs et les chanteurs.<\/p>\n<\/li>\n<li>\n<p class=\"ds-markdown-paragraph\"><strong>\u00c9glises et lieux de culte<\/strong> : Pour les sermons, les ch\u0153urs et les louanges.<\/p>\n<\/li>\n<li>\n<p class=\"ds-markdown-paragraph\"><strong>Petite sc\u00e8ne et concerts<\/strong> : Pour les musiciens et les artistes.<\/p>\n<\/li>\n<li>\n<p class=\"ds-markdown-paragraph\"><strong>Conf\u00e9rences et pr\u00e9sentations<\/strong> : Pour les orateurs et les conf\u00e9renciers.<\/p>\n<\/li>\n<\/ul>\n<\/li>\n<\/ul>\n\t\t<\/div>\n\t\t[\/vc_column][\/vc_row]<\/p>\n<\/div>","protected":false},"excerpt":{"rendered":"<p>Le <strong data-start=\"449\" data-end=\"480\">microphone sans fil UHF BNK<\/strong> est une solution audio professionnelle con\u00e7ue pour offrir une <strong data-start=\"543\" data-end=\"595\">qualit\u00e9 sonore claire et une transmission stable<\/strong>. Id\u00e9al pour le karaok\u00e9, les conf\u00e9rences, les mosqu\u00e9es et les \u00e9v\u00e9nements, ce syst\u00e8me garantit une grande libert\u00e9 de mouvement sans c\u00e2ble.<\/p>\n","protected":false},"featured_media":7843,"template":"","meta":[],"product_brand":[392],"product_cat":[265,264,248,249],"product_tag":[408,406],"class_list":{"0":"post-7842","1":"product","2":"type-product","3":"status-publish","4":"has-post-thumbnail","6":"product_brand-bnk","7":"product_cat-micro-sans-fil-a-man","8":"product_cat-microphone","9":"product_cat-sonorisation","10":"product_cat-sonorisation-live","11":"product_tag-2-canaux","12":"product_tag-systeme-uhf","14":"first","15":"instock","16":"taxable","17":"shipping-taxable","18":"purchasable","19":"product-type-simple"},"_links":{"self":[{"href":"https:\/\/prosataudio.tn\/index.php?rest_route=\/wp\/v2\/product\/7842","targetHints":{"allow":["GET"]}}],"collection":[{"href":"https:\/\/prosataudio.tn\/index.php?rest_route=\/wp\/v2\/product"}],"about":[{"href":"https:\/\/prosataudio.tn\/index.php?rest_route=\/wp\/v2\/types\/product"}],"wp:featuredmedia":[{"embeddable":true,"href":"https:\/\/prosataudio.tn\/index.php?rest_route=\/wp\/v2\/media\/7843"}],"wp:attachment":[{"href":"https:\/\/prosataudio.tn\/index.php?rest_route=%2Fwp%2Fv2%2Fmedia&parent=7842"}],"wp:term":[{"taxonomy":"product_brand","embeddable":true,"href":"https:\/\/prosataudio.tn\/index.php?rest_route=%2Fwp%2Fv2%2Fproduct_brand&post=7842"},{"taxonomy":"product_cat","embeddable":true,"href":"https:\/\/prosataudio.tn\/index.php?rest_route=%2Fwp%2Fv2%2Fproduct_cat&post=7842"},{"taxonomy":"product_tag","embeddable":true,"href":"https:\/\/prosataudio.tn\/index.php?rest_route=%2Fwp%2Fv2%2Fproduct_tag&post=7842"}],"curies":[{"name":"wp","href":"https:\/\/api.w.org\/{rel}","templated":true}]}}