{"id":7844,"date":"2026-03-26T19:58:44","date_gmt":"2026-03-26T18:58:44","guid":{"rendered":"https:\/\/prosataudio.tn\/?post_type=product&#038;p=7844"},"modified":"2026-03-26T19:58:44","modified_gmt":"2026-03-26T18:58:44","slug":"systeme-micro-sans-fil-double-bnk-es200","status":"publish","type":"product","link":"https:\/\/prosataudio.tn\/?product=systeme-micro-sans-fil-double-bnk-es200","title":{"rendered":"Syst\u00e8me micro sans fil double BNK ES200"},"content":{"rendered":"<div class=\"wpb-content-wrapper\"><p>[vc_row css=\u00a0\u00bb.vc_custom_1666272380651{margin-bottom: 80px !important;}\u00a0\u00bb woodmart_css_id=\u00a0\u00bb63514c723c2f3&Prime; responsive_spacing=\u00a0\u00bbeyJwYXJhbV90eXBlIjoid29vZG1hcnRfcmVzcG9uc2l2ZV9zcGFjaW5nIiwic2VsZWN0b3JfaWQiOiI2MzUxNGM3MjNjMmYzIiwic2hvcnRjb2RlIjoidmNfcm93IiwiZGF0YSI6eyJ0YWJsZXQiOnsibWFyZ2luLWJvdHRvbSI6IjYwIn0sIm1vYmlsZSI6eyJtYXJnaW4tYm90dG9tIjoiNDAifX19&Prime; mobile_bg_img_hidden=\u00a0\u00bbno\u00a0\u00bb tablet_bg_img_hidden=\u00a0\u00bbno\u00a0\u00bb woodmart_parallax=\u00a0\u00bb0&Prime; woodmart_gradient_switch=\u00a0\u00bbno\u00a0\u00bb woodmart_box_shadow=\u00a0\u00bbno\u00a0\u00bb wd_z_index=\u00a0\u00bbno\u00a0\u00bb woodmart_disable_overflow=\u00a0\u00bb0&Prime; row_reverse_mobile=\u00a0\u00bb0&Prime; row_reverse_tablet=\u00a0\u00bb0&Prime;][vc_column css=\u00a0\u00bb.vc_custom_1666272391679{padding-top: 0px !important;}\u00a0\u00bb woodmart_css_id=\u00a0\u00bb63514c8260958&Prime; parallax_scroll=\u00a0\u00bbno\u00a0\u00bb woodmart_sticky_column=\u00a0\u00bbfalse\u00a0\u00bb wd_collapsible_content_switcher=\u00a0\u00bbno\u00a0\u00bb wd_column_role_offcanvas_desktop=\u00a0\u00bbno\u00a0\u00bb wd_column_role_offcanvas_tablet=\u00a0\u00bbno\u00a0\u00bb wd_column_role_offcanvas_mobile=\u00a0\u00bbno\u00a0\u00bb wd_column_role_content_desktop=\u00a0\u00bbno\u00a0\u00bb wd_column_role_content_tablet=\u00a0\u00bbno\u00a0\u00bb wd_column_role_content_mobile=\u00a0\u00bbno\u00a0\u00bb mobile_bg_img_hidden=\u00a0\u00bbno\u00a0\u00bb tablet_bg_img_hidden=\u00a0\u00bbno\u00a0\u00bb woodmart_parallax=\u00a0\u00bb0&Prime; woodmart_box_shadow=\u00a0\u00bbno\u00a0\u00bb responsive_spacing=\u00a0\u00bbeyJwYXJhbV90eXBlIjoid29vZG1hcnRfcmVzcG9uc2l2ZV9zcGFjaW5nIiwic2VsZWN0b3JfaWQiOiI2MzUxNGM4MjYwOTU4Iiwic2hvcnRjb2RlIjoidmNfY29sdW1uIiwiZGF0YSI6eyJ0YWJsZXQiOnt9LCJtb2JpbGUiOnt9fX0=\u00a0\u00bb mobile_reset_margin=\u00a0\u00bbno\u00a0\u00bb tablet_reset_margin=\u00a0\u00bbno\u00a0\u00bb wd_z_index=\u00a0\u00bbno\u00a0\u00bb]\n\t\t<div id=\"wd-69c5817a76847\" class=\"title-wrapper wd-wpb wd-set-mb reset-last-child  wd-rs-69c5817a76847 wd-title-color-default wd-title-style-default text-center  wd-underline-colored\">\n\t\t\t\n\t\t\t<div class=\"liner-continer\">\n\t\t\t\t<h4 class=\"woodmart-title-container title  wd-font-weight- wd-fontsize-l\" >Syst\u00e8me Microphone Sans Fil Double BNK \u2013 2 Micros UHF avec R\u00e9cepteur pour Karaok\u00e9, Conf\u00e9rence et Sonorisation<\/h4>\n\t\t\t\t\t\t\t<\/div>\n\t\t\t\n\t\t\t\n\t\t\t\n\t\t<\/div>\n\t\t\n\t\t\t\t<div id=\"wd-69c58165bd2e7\" class=\"wd-image wd-wpb wd-rs-69c58165bd2e7 text-center \">\n\t\t\t\n\t\t\t<img loading=\"lazy\" decoding=\"async\" width=\"300\" height=\"300\" src=\"https:\/\/prosataudio.tn\/wp-content\/uploads\/2026\/03\/ES200-300x300.jpg\" class=\"attachment-medium size-medium\" alt=\"\" srcset=\"https:\/\/prosataudio.tn\/wp-content\/uploads\/2026\/03\/ES200-300x300.jpg 300w, https:\/\/prosataudio.tn\/wp-content\/uploads\/2026\/03\/ES200-150x150.jpg 150w, https:\/\/prosataudio.tn\/wp-content\/uploads\/2026\/03\/ES200-600x600.jpg 600w, https:\/\/prosataudio.tn\/wp-content\/uploads\/2026\/03\/ES200.jpg 640w\" sizes=\"auto, (max-width: 300px) 100vw, 300px\" \/>\n\t\t\t\t\t<\/div>\n\t\t\t\t<div id=\"wd-69c58170da923\" class=\"wd-text-block wd-wpb reset-last-child wd-rs-69c58170da923 text-left vc_custom_1774551411951\">\n\t\t\t<p class=\"ds-markdown-paragraph\">Syst\u00e8me micro sans fil <strong>double<\/strong> professionnel sp\u00e9cialement con\u00e7u pour le <strong>karaok\u00e9 KTV<\/strong>, les animations et les petites sc\u00e8nes. Fonctionnant en <strong>UHF num\u00e9rique<\/strong>, il offre une port\u00e9e de <strong>50 \u00e0 80 m\u00e8tres<\/strong>, une excellente qualit\u00e9 audio et une construction m\u00e9tallique robuste. Livr\u00e9 avec <strong>2 micros main dynamiques<\/strong> et un r\u00e9cepteur double canal.<\/p>\n<p class=\"ds-markdown-paragraph\"><strong>Description longue et d\u00e9taill\u00e9e :<\/strong><br \/>\nLe syst\u00e8me micro sans fil <strong>BNK ES200<\/strong> est une solution audio compl\u00e8te et fiable, sp\u00e9cialement con\u00e7ue pour r\u00e9pondre aux exigences des salles de karaok\u00e9 (KTV), des animateurs et des musiciens. Avec ses deux micros main dynamiques, sa transmission UHF stable et sa construction robuste, il garantit des performances sans fil de qualit\u00e9 professionnelle.<\/p>\n<ul>\n<li>\n<p class=\"ds-markdown-paragraph\"><strong>Syst\u00e8me Double Canal UHF Num\u00e9rique :<\/strong> Fonctionnant sur des fr\u00e9quences <strong>UHF (600-920MHz)<\/strong> avec une technologie num\u00e9rique, ce syst\u00e8me offre une meilleure stabilit\u00e9 du signal et moins d&rsquo;interf\u00e9rences que les syst\u00e8mes analogiques. Avec <strong>2 canaux<\/strong>, il permet d&rsquo;utiliser deux micros simultan\u00e9ment, id\u00e9al pour les duos ou les animations.<\/p>\n<\/li>\n<li>\n<p class=\"ds-markdown-paragraph\"><strong>Deux Micros Main Dynamiques Inclus :<\/strong> Cette version est livr\u00e9e avec <strong>2 micros main (handheld)<\/strong> de qualit\u00e9 professionnelle. Leur capsule <strong>dynamique<\/strong> est id\u00e9ale pour le chant et la parole, offrant une excellente intelligibilit\u00e9 et une grande robustesse face aux niveaux de pression sonore \u00e9lev\u00e9s (parfaits pour le karaok\u00e9).<\/p>\n<\/li>\n<li>\n<p class=\"ds-markdown-paragraph\"><strong>Qualit\u00e9 Audio Professionnelle :<\/strong><\/p>\n<ul>\n<li>\n<p class=\"ds-markdown-paragraph\">R\u00e9ponse en fr\u00e9quence de <strong>50Hz \u00e0 15kHz<\/strong>, parfaitement adapt\u00e9e \u00e0 la reproduction vocale.<\/p>\n<\/li>\n<li>\n<p class=\"ds-markdown-paragraph\">Rapport signal\/bruit \u00e9lev\u00e9 de <strong>&gt;90dB<\/strong> pour un son clair et sans souffle.<\/p>\n<\/li>\n<li>\n<p class=\"ds-markdown-paragraph\">Directivit\u00e9 <strong>cardio\u00efde<\/strong> pour les micros, r\u00e9duisant les bruits de fond et les retours (larsen).<\/p>\n<\/li>\n<\/ul>\n<\/li>\n<li>\n<p class=\"ds-markdown-paragraph\"><strong>Port\u00e9e \u00c9tendue :<\/strong> Offre une port\u00e9e stable de <strong>50 \u00e0 80 m\u00e8tres<\/strong>, permettant aux utilisateurs de se d\u00e9placer librement sur sc\u00e8ne ou dans une salle de karaok\u00e9.<\/p>\n<\/li>\n<li>\n<p class=\"ds-markdown-paragraph\"><strong>Construction Robuste en M\u00e9tal :<\/strong> Les micros sont fabriqu\u00e9s en <strong>m\u00e9tal<\/strong>, garantissant une excellente r\u00e9sistance aux chocs et une longue dur\u00e9e de vie, m\u00eame en utilisation intensive (chutes, manipulations fr\u00e9quentes).<\/p>\n<\/li>\n<li>\n<p class=\"ds-markdown-paragraph\"><strong>Grande Autonomie :<\/strong> Les micros fonctionnent avec <strong>2 piles AA (1.5V)<\/strong> pour une longue dur\u00e9e d&rsquo;utilisation, pratique pour les longues soir\u00e9es de karaok\u00e9 ou les \u00e9v\u00e9nements.<\/p>\n<\/li>\n<li>\n<p class=\"ds-markdown-paragraph\"><strong>Applications Id\u00e9ales :<\/strong><\/p>\n<ul>\n<li>\n<p class=\"ds-markdown-paragraph\"><strong>Karaok\u00e9 KTV et animations<\/strong> : Libert\u00e9 de mouvement pour les chanteurs.<\/p>\n<\/li>\n<li>\n<p class=\"ds-markdown-paragraph\"><strong>\u00c9glises et lieux de culte<\/strong> : Pour les sermons et les chants.<\/p>\n<\/li>\n<li>\n<p class=\"ds-markdown-paragraph\"><strong>Petite sc\u00e8ne et concerts<\/strong> : Pour les musiciens et les artistes.<\/p>\n<\/li>\n<li>\n<p class=\"ds-markdown-paragraph\"><strong>Conf\u00e9rences et pr\u00e9sentations<\/strong> : Pour les orateurs.<\/p>\n<\/li>\n<\/ul>\n<\/li>\n<\/ul>\n\t\t<\/div>\n\t\t[\/vc_column][\/vc_row]<\/p>\n<\/div>","protected":false},"excerpt":{"rendered":"<p>Le <strong data-start=\"377\" data-end=\"419\">syst\u00e8me microphone sans fil double BNK<\/strong> est con\u00e7u pour offrir une solution audio fiable et performante pour le karaok\u00e9, les conf\u00e9rences et les \u00e9v\u00e9nements. Il comprend <strong data-start=\"547\" data-end=\"591\">2 microphones sans fil \u00e0 main (handheld)<\/strong> ainsi qu\u2019un <strong data-start=\"604\" data-end=\"630\">r\u00e9cepteur double canal<\/strong>, permettant une utilisation simultan\u00e9e.<\/p>\n","protected":false},"featured_media":7845,"template":"","meta":[],"product_brand":[392],"product_cat":[265,264,248,249],"product_tag":[348,341,406],"class_list":{"0":"post-7844","1":"product","2":"type-product","3":"status-publish","4":"has-post-thumbnail","6":"product_brand-bnk","7":"product_cat-micro-sans-fil-a-man","8":"product_cat-microphone","9":"product_cat-sonorisation","10":"product_cat-sonorisation-live","11":"product_tag-conference","12":"product_tag-karaoke","13":"product_tag-systeme-uhf","15":"first","16":"instock","17":"taxable","18":"shipping-taxable","19":"purchasable","20":"product-type-simple"},"_links":{"self":[{"href":"https:\/\/prosataudio.tn\/index.php?rest_route=\/wp\/v2\/product\/7844","targetHints":{"allow":["GET"]}}],"collection":[{"href":"https:\/\/prosataudio.tn\/index.php?rest_route=\/wp\/v2\/product"}],"about":[{"href":"https:\/\/prosataudio.tn\/index.php?rest_route=\/wp\/v2\/types\/product"}],"wp:featuredmedia":[{"embeddable":true,"href":"https:\/\/prosataudio.tn\/index.php?rest_route=\/wp\/v2\/media\/7845"}],"wp:attachment":[{"href":"https:\/\/prosataudio.tn\/index.php?rest_route=%2Fwp%2Fv2%2Fmedia&parent=7844"}],"wp:term":[{"taxonomy":"product_brand","embeddable":true,"href":"https:\/\/prosataudio.tn\/index.php?rest_route=%2Fwp%2Fv2%2Fproduct_brand&post=7844"},{"taxonomy":"product_cat","embeddable":true,"href":"https:\/\/prosataudio.tn\/index.php?rest_route=%2Fwp%2Fv2%2Fproduct_cat&post=7844"},{"taxonomy":"product_tag","embeddable":true,"href":"https:\/\/prosataudio.tn\/index.php?rest_route=%2Fwp%2Fv2%2Fproduct_tag&post=7844"}],"curies":[{"name":"wp","href":"https:\/\/api.w.org\/{rel}","templated":true}]}}