{"id":7848,"date":"2026-03-27T15:00:19","date_gmt":"2026-03-27T14:00:19","guid":{"rendered":"https:\/\/prosataudio.tn\/?post_type=product&#038;p=7848"},"modified":"2026-03-30T17:47:39","modified_gmt":"2026-03-30T15:47:39","slug":"systeme-micro-sans-fil-professionnel-bnk-es250","status":"publish","type":"product","link":"https:\/\/prosataudio.tn\/?product=systeme-micro-sans-fil-professionnel-bnk-es250","title":{"rendered":"Syst\u00e8me micro sans fil professionnel BNK ES250"},"content":{"rendered":"<div class=\"wpb-content-wrapper\"><p>[vc_row css=\u00a0\u00bb.vc_custom_1666272380651{margin-bottom: 80px !important;}\u00a0\u00bb woodmart_css_id=\u00a0\u00bb63514c723c2f3&Prime; responsive_spacing=\u00a0\u00bbeyJwYXJhbV90eXBlIjoid29vZG1hcnRfcmVzcG9uc2l2ZV9zcGFjaW5nIiwic2VsZWN0b3JfaWQiOiI2MzUxNGM3MjNjMmYzIiwic2hvcnRjb2RlIjoidmNfcm93IiwiZGF0YSI6eyJ0YWJsZXQiOnsibWFyZ2luLWJvdHRvbSI6IjYwIn0sIm1vYmlsZSI6eyJtYXJnaW4tYm90dG9tIjoiNDAifX19&Prime; mobile_bg_img_hidden=\u00a0\u00bbno\u00a0\u00bb tablet_bg_img_hidden=\u00a0\u00bbno\u00a0\u00bb woodmart_parallax=\u00a0\u00bb0&Prime; woodmart_gradient_switch=\u00a0\u00bbno\u00a0\u00bb woodmart_box_shadow=\u00a0\u00bbno\u00a0\u00bb wd_z_index=\u00a0\u00bbno\u00a0\u00bb woodmart_disable_overflow=\u00a0\u00bb0&Prime; row_reverse_mobile=\u00a0\u00bb0&Prime; row_reverse_tablet=\u00a0\u00bb0&Prime;][vc_column css=\u00a0\u00bb.vc_custom_1666272391679{padding-top: 0px !important;}\u00a0\u00bb woodmart_css_id=\u00a0\u00bb63514c8260958&Prime; parallax_scroll=\u00a0\u00bbno\u00a0\u00bb woodmart_sticky_column=\u00a0\u00bbfalse\u00a0\u00bb wd_collapsible_content_switcher=\u00a0\u00bbno\u00a0\u00bb wd_column_role_offcanvas_desktop=\u00a0\u00bbno\u00a0\u00bb wd_column_role_offcanvas_tablet=\u00a0\u00bbno\u00a0\u00bb wd_column_role_offcanvas_mobile=\u00a0\u00bbno\u00a0\u00bb wd_column_role_content_desktop=\u00a0\u00bbno\u00a0\u00bb wd_column_role_content_tablet=\u00a0\u00bbno\u00a0\u00bb wd_column_role_content_mobile=\u00a0\u00bbno\u00a0\u00bb mobile_bg_img_hidden=\u00a0\u00bbno\u00a0\u00bb tablet_bg_img_hidden=\u00a0\u00bbno\u00a0\u00bb woodmart_parallax=\u00a0\u00bb0&Prime; woodmart_box_shadow=\u00a0\u00bbno\u00a0\u00bb responsive_spacing=\u00a0\u00bbeyJwYXJhbV90eXBlIjoid29vZG1hcnRfcmVzcG9uc2l2ZV9zcGFjaW5nIiwic2VsZWN0b3JfaWQiOiI2MzUxNGM4MjYwOTU4Iiwic2hvcnRjb2RlIjoidmNfY29sdW1uIiwiZGF0YSI6eyJ0YWJsZXQiOnt9LCJtb2JpbGUiOnt9fX0=\u00a0\u00bb mobile_reset_margin=\u00a0\u00bbno\u00a0\u00bb tablet_reset_margin=\u00a0\u00bbno\u00a0\u00bb wd_z_index=\u00a0\u00bbno\u00a0\u00bb]\n\t\t<div id=\"wd-69c68cf76868c\" class=\"title-wrapper wd-wpb wd-set-mb reset-last-child  wd-rs-69c68cf76868c wd-title-color-default wd-title-style-default text-center  wd-underline-colored\">\n\t\t\t\n\t\t\t<div class=\"liner-continer\">\n\t\t\t\t<h4 class=\"woodmart-title-container title  wd-font-weight- wd-fontsize-l\" >Le microphone sans fil UHF BNK est une solution audio fiable et performante con\u00e7ue pour le karaok\u00e9, les conf\u00e9rences et les \u00e9v\u00e9nements. Il offre une transmission stable et une excellente qualit\u00e9 sonore, id\u00e9ale pour une utilisation professionnelle ou domestique.<\/h4>\n\t\t\t\t\t\t\t<\/div>\n\t\t\t\n\t\t\t\n\t\t\t\n\t\t<\/div>\n\t\t\n\t\t\t\t<div id=\"wd-69c68c88f2a4f\" class=\"wd-image wd-wpb wd-rs-69c68c88f2a4f text-center \">\n\t\t\t\n\t\t\t<img loading=\"lazy\" decoding=\"async\" width=\"300\" height=\"300\" src=\"https:\/\/prosataudio.tn\/wp-content\/uploads\/2026\/03\/ES250-300x300.jpg\" class=\"attachment-medium size-medium\" alt=\"\" srcset=\"https:\/\/prosataudio.tn\/wp-content\/uploads\/2026\/03\/ES250-300x300.jpg 300w, https:\/\/prosataudio.tn\/wp-content\/uploads\/2026\/03\/ES250-150x150.jpg 150w, https:\/\/prosataudio.tn\/wp-content\/uploads\/2026\/03\/ES250-600x600.jpg 600w, https:\/\/prosataudio.tn\/wp-content\/uploads\/2026\/03\/ES250-64x64.jpg 64w, https:\/\/prosataudio.tn\/wp-content\/uploads\/2026\/03\/ES250.jpg 640w\" sizes=\"auto, (max-width: 300px) 100vw, 300px\" \/>\n\t\t\t\t\t<\/div>\n\t\t\t\t<div id=\"wd-69c68c24afac8\" class=\"wd-text-block wd-wpb reset-last-child wd-rs-69c68c24afac8 text-left vc_custom_1774619692638\">\n\t\t\t<p class=\"ds-markdown-paragraph\">Syst\u00e8me micro sans fil <strong>UHF<\/strong> professionnel avec <strong>2 micros main dynamiques<\/strong>, offrant une flexibilit\u00e9 exceptionnelle gr\u00e2ce \u00e0 <strong>1000 fr\u00e9quences commutables<\/strong>. Id\u00e9al pour le karaok\u00e9, les \u00e9glises, les sc\u00e8nes et les conf\u00e9rences, il garantit une transmission stable, une qualit\u00e9 audio claire et une port\u00e9e de <strong>50 \u00e0 80 m\u00e8tres<\/strong>.<\/p>\n<p class=\"ds-markdown-paragraph\"><strong>Description longue et d\u00e9taill\u00e9e :<\/strong><br \/>\nLe syst\u00e8me micro sans fil <strong>BNK ES250<\/strong> est une solution audio professionnelle haut de gamme, con\u00e7ue pour les musiciens, les animateurs, les conf\u00e9renciers et les lieux de culte. Avec ses deux micros main dynamiques, sa technologie UHF et son impressionnante s\u00e9lection de <strong>1000 fr\u00e9quences commutables<\/strong>, il garantit des performances sans fil stables m\u00eame dans les environnements radio-denses.<\/p>\n<ul>\n<li>\n<p class=\"ds-markdown-paragraph\"><strong>Syst\u00e8me Double Canal UHF avec 1000 Fr\u00e9quences :<\/strong> Fonctionnant sur des fr\u00e9quences <strong>UHF (600-920MHz)<\/strong> , ce syst\u00e8me offre une stabilit\u00e9 de signal exceptionnelle. La possibilit\u00e9 de choisir parmi <strong>1000 fr\u00e9quences<\/strong> permet d&rsquo;\u00e9viter toute interf\u00e9rence avec d&rsquo;autres \u00e9quipements sans fil, m\u00eame dans les environnements les plus satur\u00e9s.<\/p>\n<\/li>\n<li>\n<p class=\"ds-markdown-paragraph\"><strong>Deux Micros Main Dynamiques Inclus :<\/strong> Cette version est livr\u00e9e avec <strong>2 micros main (handheld)<\/strong> de qualit\u00e9 professionnelle. Leur capsule <strong>dynamique<\/strong> est id\u00e9ale pour la parole et le chant, offrant une excellente intelligibilit\u00e9 et une grande robustesse face aux niveaux de pression sonore \u00e9lev\u00e9s.<\/p>\n<\/li>\n<li>\n<p class=\"ds-markdown-paragraph\"><strong>Qualit\u00e9 Audio Professionnelle :<\/strong><\/p>\n<ul>\n<li>\n<p class=\"ds-markdown-paragraph\">R\u00e9ponse en fr\u00e9quence de <strong>50Hz \u00e0 15kHz<\/strong>, parfaitement adapt\u00e9e \u00e0 la reproduction vocale.<\/p>\n<\/li>\n<li>\n<p class=\"ds-markdown-paragraph\">Rapport signal\/bruit \u00e9lev\u00e9 de <strong>&gt;90dB<\/strong> pour un son clair et sans souffle.<\/p>\n<\/li>\n<li>\n<p class=\"ds-markdown-paragraph\">Directivit\u00e9 <strong>cardio\u00efde<\/strong> pour les micros, r\u00e9duisant les bruits de fond et les retours (larsen).<\/p>\n<\/li>\n<\/ul>\n<\/li>\n<li>\n<p class=\"ds-markdown-paragraph\"><strong>Port\u00e9e \u00c9tendue :<\/strong> Offre une port\u00e9e stable de <strong>50 \u00e0 80 m\u00e8tres<\/strong>, permettant aux utilisateurs de se d\u00e9placer librement sur sc\u00e8ne ou dans une salle.<\/p>\n<\/li>\n<li>\n<p class=\"ds-markdown-paragraph\"><strong>Construction Robuste en M\u00e9tal :<\/strong> Les micros sont fabriqu\u00e9s en <strong>m\u00e9tal<\/strong>, garantissant une excellente r\u00e9sistance aux chocs et une longue dur\u00e9e de vie, m\u00eame en utilisation intensive.<\/p>\n<\/li>\n<li>\n<p class=\"ds-markdown-paragraph\"><strong>Grande Autonomie :<\/strong> Les micros fonctionnent avec <strong>2 piles AA (1.5V)<\/strong> pour une longue dur\u00e9e d&rsquo;utilisation, pratique pour les longues sessions.<\/p>\n<\/li>\n<li>\n<p class=\"ds-markdown-paragraph\"><strong>Applications Id\u00e9ales :<\/strong><\/p>\n<ul>\n<li>\n<p class=\"ds-markdown-paragraph\"><strong>Karaok\u00e9 et animations<\/strong> : Libert\u00e9 de mouvement pour les chanteurs et animateurs.<\/p>\n<\/li>\n<li>\n<p class=\"ds-markdown-paragraph\"><strong>\u00c9glises et lieux de culte<\/strong> : Pour les sermons, les ch\u0153urs et les louanges.<\/p>\n<\/li>\n<li>\n<p class=\"ds-markdown-paragraph\"><strong>Petite sc\u00e8ne et concerts<\/strong> : Pour les musiciens et les artistes.<\/p>\n<\/li>\n<li>\n<p class=\"ds-markdown-paragraph\"><strong>Conf\u00e9rences et pr\u00e9sentations<\/strong> : Pour les orateurs.<\/p>\n<\/li>\n<\/ul>\n<\/li>\n<\/ul>\n\t\t<\/div>\n\t\t[\/vc_column][\/vc_row]<\/p>\n<\/div>","protected":false},"excerpt":{"rendered":"<p>Le <strong data-start=\"433\" data-end=\"464\">microphone sans fil UHF BNK<\/strong> est une solution audio fiable et performante con\u00e7ue pour le karaok\u00e9, les conf\u00e9rences et les \u00e9v\u00e9nements. Il offre une <strong data-start=\"582\" data-end=\"638\">transmission stable et une excellente qualit\u00e9 sonore<\/strong>, id\u00e9ale pour une utilisation professionnelle ou domestique.<\/p>\n<p><a class=\"btn-download-pdf\" href=\"#\" target=\"_blank\" rel=\"noopener\"><br \/>\n\ud83d\udcc4 T\u00e9l\u00e9charger la fiche technique<br \/>\n<\/a><\/p>\n","protected":false},"featured_media":7859,"template":"","meta":[],"product_brand":[392],"product_cat":[265,264,248,249],"product_tag":[348,341,403,406,405],"class_list":{"0":"post-7848","1":"product","2":"type-product","3":"status-publish","4":"has-post-thumbnail","6":"product_brand-bnk","7":"product_cat-micro-sans-fil-a-man","8":"product_cat-microphone","9":"product_cat-sonorisation","10":"product_cat-sonorisation-live","11":"product_tag-conference","12":"product_tag-karaoke","13":"product_tag-micro-hf","14":"product_tag-systeme-uhf","15":"product_tag-wireless","17":"first","18":"instock","19":"sale","20":"taxable","21":"shipping-taxable","22":"purchasable","23":"product-type-simple"},"_links":{"self":[{"href":"https:\/\/prosataudio.tn\/index.php?rest_route=\/wp\/v2\/product\/7848","targetHints":{"allow":["GET"]}}],"collection":[{"href":"https:\/\/prosataudio.tn\/index.php?rest_route=\/wp\/v2\/product"}],"about":[{"href":"https:\/\/prosataudio.tn\/index.php?rest_route=\/wp\/v2\/types\/product"}],"wp:featuredmedia":[{"embeddable":true,"href":"https:\/\/prosataudio.tn\/index.php?rest_route=\/wp\/v2\/media\/7859"}],"wp:attachment":[{"href":"https:\/\/prosataudio.tn\/index.php?rest_route=%2Fwp%2Fv2%2Fmedia&parent=7848"}],"wp:term":[{"taxonomy":"product_brand","embeddable":true,"href":"https:\/\/prosataudio.tn\/index.php?rest_route=%2Fwp%2Fv2%2Fproduct_brand&post=7848"},{"taxonomy":"product_cat","embeddable":true,"href":"https:\/\/prosataudio.tn\/index.php?rest_route=%2Fwp%2Fv2%2Fproduct_cat&post=7848"},{"taxonomy":"product_tag","embeddable":true,"href":"https:\/\/prosataudio.tn\/index.php?rest_route=%2Fwp%2Fv2%2Fproduct_tag&post=7848"}],"curies":[{"name":"wp","href":"https:\/\/api.w.org\/{rel}","templated":true}]}}