{"id":7874,"date":"2026-03-27T16:29:13","date_gmt":"2026-03-27T15:29:13","guid":{"rendered":"https:\/\/prosataudio.tn\/?post_type=product&#038;p=7874"},"modified":"2026-03-29T15:56:11","modified_gmt":"2026-03-29T13:56:11","slug":"systeme-micro-cravate-sans-fil-professionnel-bnk-x75l","status":"publish","type":"product","link":"https:\/\/prosataudio.tn\/?product=systeme-micro-cravate-sans-fil-professionnel-bnk-x75l","title":{"rendered":"Syst\u00e8me micro-cravate sans fil professionnel BNK X75L"},"content":{"rendered":"<div class=\"wpb-content-wrapper\"><p>[vc_row css=\u00a0\u00bb.vc_custom_1666272380651{margin-bottom: 80px !important;}\u00a0\u00bb woodmart_css_id=\u00a0\u00bb63514c723c2f3&Prime; responsive_spacing=\u00a0\u00bbeyJwYXJhbV90eXBlIjoid29vZG1hcnRfcmVzcG9uc2l2ZV9zcGFjaW5nIiwic2VsZWN0b3JfaWQiOiI2MzUxNGM3MjNjMmYzIiwic2hvcnRjb2RlIjoidmNfcm93IiwiZGF0YSI6eyJ0YWJsZXQiOnsibWFyZ2luLWJvdHRvbSI6IjYwIn0sIm1vYmlsZSI6eyJtYXJnaW4tYm90dG9tIjoiNDAifX19&Prime; mobile_bg_img_hidden=\u00a0\u00bbno\u00a0\u00bb tablet_bg_img_hidden=\u00a0\u00bbno\u00a0\u00bb woodmart_parallax=\u00a0\u00bb0&Prime; woodmart_gradient_switch=\u00a0\u00bbno\u00a0\u00bb woodmart_box_shadow=\u00a0\u00bbno\u00a0\u00bb wd_z_index=\u00a0\u00bbno\u00a0\u00bb woodmart_disable_overflow=\u00a0\u00bb0&Prime; row_reverse_mobile=\u00a0\u00bb0&Prime; row_reverse_tablet=\u00a0\u00bb0&Prime;][vc_column css=\u00a0\u00bb.vc_custom_1666272391679{padding-top: 0px !important;}\u00a0\u00bb woodmart_css_id=\u00a0\u00bb63514c8260958&Prime; parallax_scroll=\u00a0\u00bbno\u00a0\u00bb woodmart_sticky_column=\u00a0\u00bbfalse\u00a0\u00bb wd_collapsible_content_switcher=\u00a0\u00bbno\u00a0\u00bb wd_column_role_offcanvas_desktop=\u00a0\u00bbno\u00a0\u00bb wd_column_role_offcanvas_tablet=\u00a0\u00bbno\u00a0\u00bb wd_column_role_offcanvas_mobile=\u00a0\u00bbno\u00a0\u00bb wd_column_role_content_desktop=\u00a0\u00bbno\u00a0\u00bb wd_column_role_content_tablet=\u00a0\u00bbno\u00a0\u00bb wd_column_role_content_mobile=\u00a0\u00bbno\u00a0\u00bb mobile_bg_img_hidden=\u00a0\u00bbno\u00a0\u00bb tablet_bg_img_hidden=\u00a0\u00bbno\u00a0\u00bb woodmart_parallax=\u00a0\u00bb0&Prime; woodmart_box_shadow=\u00a0\u00bbno\u00a0\u00bb responsive_spacing=\u00a0\u00bbeyJwYXJhbV90eXBlIjoid29vZG1hcnRfcmVzcG9uc2l2ZV9zcGFjaW5nIiwic2VsZWN0b3JfaWQiOiI2MzUxNGM4MjYwOTU4Iiwic2hvcnRjb2RlIjoidmNfY29sdW1uIiwiZGF0YSI6eyJ0YWJsZXQiOnt9LCJtb2JpbGUiOnt9fX0=\u00a0\u00bb mobile_reset_margin=\u00a0\u00bbno\u00a0\u00bb tablet_reset_margin=\u00a0\u00bbno\u00a0\u00bb wd_z_index=\u00a0\u00bbno\u00a0\u00bb]\n\t\t<div id=\"wd-69c6a0b02f466\" class=\"title-wrapper wd-wpb wd-set-mb reset-last-child  wd-rs-69c6a0b02f466 wd-title-color-default wd-title-style-default text-center  wd-underline-colored\">\n\t\t\t\n\t\t\t<div class=\"liner-continer\">\n\t\t\t\t<h4 class=\"woodmart-title-container title  wd-font-weight- wd-fontsize-l\" >Microphone Cravate Sans Fil UHF BNK \u2013 Lavalier Tie\u2011Clip Professionnel avec R\u00e9cepteur<\/h4>\n\t\t\t\t\t\t\t<\/div>\n\t\t\t\n\t\t\t\n\t\t\t\n\t\t<\/div>\n\t\t\n\t\t\t\t<div id=\"wd-69c6a1d8bcb31\" class=\"wd-image wd-wpb wd-rs-69c6a1d8bcb31 text-center \">\n\t\t\t\n\t\t\t<img loading=\"lazy\" decoding=\"async\" width=\"300\" height=\"300\" src=\"https:\/\/prosataudio.tn\/wp-content\/uploads\/2026\/03\/x75l-300x300.png\" class=\"attachment-medium size-medium\" alt=\"\" srcset=\"https:\/\/prosataudio.tn\/wp-content\/uploads\/2026\/03\/x75l-300x300.png 300w, https:\/\/prosataudio.tn\/wp-content\/uploads\/2026\/03\/x75l-150x150.png 150w, https:\/\/prosataudio.tn\/wp-content\/uploads\/2026\/03\/x75l-600x600.png 600w, https:\/\/prosataudio.tn\/wp-content\/uploads\/2026\/03\/x75l-64x64.png 64w, https:\/\/prosataudio.tn\/wp-content\/uploads\/2026\/03\/x75l.png 640w\" sizes=\"auto, (max-width: 300px) 100vw, 300px\" \/>\n\t\t\t\t\t<\/div>\n\t\t\t\t<div id=\"wd-69c6a2276cfd0\" class=\"wd-text-block wd-wpb reset-last-child wd-rs-69c6a2276cfd0 text-left vc_custom_1774625323604\">\n\t\t\t<p class=\"ds-markdown-paragraph\">Syst\u00e8me micro-cravate (lavalier) sans fil <strong>UHF<\/strong> professionnel avec <strong>4 canaux<\/strong> s\u00e9lectionnables. Id\u00e9al pour les conf\u00e9rences, les \u00e9glises, les pr\u00e9sentations et le th\u00e9\u00e2tre, il offre une qualit\u00e9 audio claire, une construction m\u00e9tallique robuste et une excellente stabilit\u00e9 de fr\u00e9quence.<\/p>\n<p class=\"ds-markdown-paragraph\"><strong>Description longue et d\u00e9taill\u00e9e :<\/strong><br \/>\nLe syst\u00e8me micro-cravate sans fil <strong>BNK X75L<\/strong> est une solution audio professionnelle discr\u00e8te et fiable, con\u00e7ue pour les orateurs, les com\u00e9diens, les conf\u00e9renciers et les cr\u00e9ateurs de contenu. Offrant une transmission UHF stable sur 4 canaux commutables, il garantit une libert\u00e9 de mouvement totale et une qualit\u00e9 sonore irr\u00e9prochable.<\/p>\n<ul>\n<li>\n<p class=\"ds-markdown-paragraph\"><strong>Format Micro-cravate Discret :<\/strong> Le micro se fixe discr\u00e8tement sur les v\u00eatements (cravate, col, revers), offrant une libert\u00e9 de mouvement totale et une pr\u00e9sence visuelle minimale. Id\u00e9al pour les pr\u00e9sentations, les interviews et les spectacles.<\/p>\n<\/li>\n<li>\n<p class=\"ds-markdown-paragraph\"><strong>Transmission UHF avec 4 Canaux :<\/strong> Fonctionnant sur la bande <strong>UHF<\/strong>, ce syst\u00e8me offre une meilleure stabilit\u00e9 et moins d&rsquo;interf\u00e9rences que les syst\u00e8mes VHF. Les <strong>4 canaux commutables<\/strong> permettent de choisir la fr\u00e9quence la plus propre pour \u00e9viter les interf\u00e9rences avec d&rsquo;autres \u00e9quipements sans fil.<\/p>\n<\/li>\n<li>\n<p class=\"ds-markdown-paragraph\"><strong>Qualit\u00e9 Audio Professionnelle :<\/strong><\/p>\n<ul>\n<li>\n<p class=\"ds-markdown-paragraph\">R\u00e9ponse en fr\u00e9quence de <strong>50Hz \u00e0 15kHz<\/strong>, parfaitement adapt\u00e9e \u00e0 la reproduction vocale.<\/p>\n<\/li>\n<li>\n<p class=\"ds-markdown-paragraph\">Sensibilit\u00e9 de r\u00e9ception \u00e9lev\u00e9e de <strong>-94 dBm<\/strong> pour une captation fiable.<\/p>\n<\/li>\n<li>\n<p class=\"ds-markdown-paragraph\">Stabilit\u00e9 de fr\u00e9quence de <strong>\u00b10.005%<\/strong> pour un signal constant.<\/p>\n<\/li>\n<li>\n<p class=\"ds-markdown-paragraph\">Directivit\u00e9 <strong>cardio\u00efde<\/strong> pour r\u00e9duire les bruits de fond et les retours (larsen).<\/p>\n<\/li>\n<\/ul>\n<\/li>\n<li>\n<p class=\"ds-markdown-paragraph\"><strong>Construction Robuste :<\/strong> L&rsquo;\u00e9metteur est fabriqu\u00e9 en <strong>m\u00e9tal<\/strong>, garantissant une excellente r\u00e9sistance aux chocs et une longue dur\u00e9e de vie, m\u00eame en utilisation intensive.<\/p>\n<\/li>\n<li>\n<p class=\"ds-markdown-paragraph\"><strong>Applications Id\u00e9ales :<\/strong><\/p>\n<ul>\n<li>\n<p class=\"ds-markdown-paragraph\"><strong>Conf\u00e9rences et s\u00e9minaires<\/strong> : Pour des orateurs mobiles et discrets.<\/p>\n<\/li>\n<li>\n<p class=\"ds-markdown-paragraph\"><strong>\u00c9glises et lieux de culte<\/strong> : Pour les sermons, les lectures et les pri\u00e8res.<\/p>\n<\/li>\n<li>\n<p class=\"ds-markdown-paragraph\"><strong>Th\u00e9\u00e2tre et spectacles<\/strong> : Id\u00e9al pour les com\u00e9diens qui se d\u00e9placent.<\/p>\n<\/li>\n<li>\n<p class=\"ds-markdown-paragraph\"><strong>Pr\u00e9sentations et formations<\/strong> : Parfait pour les formateurs et les pr\u00e9sentateurs.<\/p>\n<\/li>\n<li>\n<p class=\"ds-markdown-paragraph\"><strong>Vid\u00e9astes et cr\u00e9ateurs de contenu<\/strong> : Pour des interviews et des vid\u00e9os de qualit\u00e9.<\/p>\n<\/li>\n<\/ul>\n<\/li>\n<\/ul>\n\t\t<\/div>\n\t\t[\/vc_column][\/vc_row]<\/p>\n<\/div>","protected":false},"excerpt":{"rendered":"<p>Le <strong data-start=\"503\" data-end=\"542\">microphone cravate sans fil UHF BNK<\/strong> est une solution audio compacte et professionnelle con\u00e7ue pour capturer la voix tout en laissant les mains libres. Gr\u00e2ce \u00e0 sa conception discr\u00e8te et l\u00e9g\u00e8re, il se fixe facilement sur les v\u00eatements (chemise, veste, cravate), ce qui le rend parfait pour les <strong data-start=\"799\" data-end=\"872\">conf\u00e9rences, pr\u00e9sentations, vid\u00e9o, interviews, formations et r\u00e9unions<\/strong>.<\/p>\n","protected":false},"featured_media":7875,"template":"","meta":[],"product_brand":[392],"product_cat":[271,264,248,249],"product_tag":[380,348,411,410,405],"class_list":{"0":"post-7874","1":"product","2":"type-product","3":"status-publish","4":"has-post-thumbnail","6":"product_brand-bnk","7":"product_cat-micro-cravate-sans-fil","8":"product_cat-microphone","9":"product_cat-sonorisation","10":"product_cat-sonorisation-live","11":"product_tag-4-canaux","12":"product_tag-conference","13":"product_tag-micro-cravate","14":"product_tag-uhf","15":"product_tag-wireless","17":"first","18":"instock","19":"taxable","20":"shipping-taxable","21":"purchasable","22":"product-type-simple"},"_links":{"self":[{"href":"https:\/\/prosataudio.tn\/index.php?rest_route=\/wp\/v2\/product\/7874","targetHints":{"allow":["GET"]}}],"collection":[{"href":"https:\/\/prosataudio.tn\/index.php?rest_route=\/wp\/v2\/product"}],"about":[{"href":"https:\/\/prosataudio.tn\/index.php?rest_route=\/wp\/v2\/types\/product"}],"wp:featuredmedia":[{"embeddable":true,"href":"https:\/\/prosataudio.tn\/index.php?rest_route=\/wp\/v2\/media\/7875"}],"wp:attachment":[{"href":"https:\/\/prosataudio.tn\/index.php?rest_route=%2Fwp%2Fv2%2Fmedia&parent=7874"}],"wp:term":[{"taxonomy":"product_brand","embeddable":true,"href":"https:\/\/prosataudio.tn\/index.php?rest_route=%2Fwp%2Fv2%2Fproduct_brand&post=7874"},{"taxonomy":"product_cat","embeddable":true,"href":"https:\/\/prosataudio.tn\/index.php?rest_route=%2Fwp%2Fv2%2Fproduct_cat&post=7874"},{"taxonomy":"product_tag","embeddable":true,"href":"https:\/\/prosataudio.tn\/index.php?rest_route=%2Fwp%2Fv2%2Fproduct_tag&post=7874"}],"curies":[{"name":"wp","href":"https:\/\/api.w.org\/{rel}","templated":true}]}}