{"id":7976,"date":"2026-03-30T12:35:13","date_gmt":"2026-03-30T10:35:13","guid":{"rendered":"https:\/\/prosataudio.tn\/?post_type=product&#038;p=7976"},"modified":"2026-03-30T12:35:13","modified_gmt":"2026-03-30T10:35:13","slug":"systeme-micro-cravate-sans-fil-bnk-bk-201","status":"publish","type":"product","link":"https:\/\/prosataudio.tn\/?product=systeme-micro-cravate-sans-fil-bnk-bk-201","title":{"rendered":"Syst\u00e8me micro-cravate sans fil BNK BK-201"},"content":{"rendered":"<div class=\"wpb-content-wrapper\"><p>[vc_row css=\u00a0\u00bb.vc_custom_1666272380651{margin-bottom: 80px !important;}\u00a0\u00bb woodmart_css_id=\u00a0\u00bb63514c723c2f3&Prime; responsive_spacing=\u00a0\u00bbeyJwYXJhbV90eXBlIjoid29vZG1hcnRfcmVzcG9uc2l2ZV9zcGFjaW5nIiwic2VsZWN0b3JfaWQiOiI2MzUxNGM3MjNjMmYzIiwic2hvcnRjb2RlIjoidmNfcm93IiwiZGF0YSI6eyJ0YWJsZXQiOnsibWFyZ2luLWJvdHRvbSI6IjYwIn0sIm1vYmlsZSI6eyJtYXJnaW4tYm90dG9tIjoiNDAifX19&Prime; mobile_bg_img_hidden=\u00a0\u00bbno\u00a0\u00bb tablet_bg_img_hidden=\u00a0\u00bbno\u00a0\u00bb woodmart_parallax=\u00a0\u00bb0&Prime; woodmart_gradient_switch=\u00a0\u00bbno\u00a0\u00bb woodmart_box_shadow=\u00a0\u00bbno\u00a0\u00bb wd_z_index=\u00a0\u00bbno\u00a0\u00bb woodmart_disable_overflow=\u00a0\u00bb0&Prime; row_reverse_mobile=\u00a0\u00bb0&Prime; row_reverse_tablet=\u00a0\u00bb0&Prime;][vc_column css=\u00a0\u00bb.vc_custom_1666272391679{padding-top: 0px !important;}\u00a0\u00bb woodmart_css_id=\u00a0\u00bb63514c8260958&Prime; parallax_scroll=\u00a0\u00bbno\u00a0\u00bb woodmart_sticky_column=\u00a0\u00bbfalse\u00a0\u00bb wd_collapsible_content_switcher=\u00a0\u00bbno\u00a0\u00bb wd_column_role_offcanvas_desktop=\u00a0\u00bbno\u00a0\u00bb wd_column_role_offcanvas_tablet=\u00a0\u00bbno\u00a0\u00bb wd_column_role_offcanvas_mobile=\u00a0\u00bbno\u00a0\u00bb wd_column_role_content_desktop=\u00a0\u00bbno\u00a0\u00bb wd_column_role_content_tablet=\u00a0\u00bbno\u00a0\u00bb wd_column_role_content_mobile=\u00a0\u00bbno\u00a0\u00bb mobile_bg_img_hidden=\u00a0\u00bbno\u00a0\u00bb tablet_bg_img_hidden=\u00a0\u00bbno\u00a0\u00bb woodmart_parallax=\u00a0\u00bb0&Prime; woodmart_box_shadow=\u00a0\u00bbno\u00a0\u00bb responsive_spacing=\u00a0\u00bbeyJwYXJhbV90eXBlIjoid29vZG1hcnRfcmVzcG9uc2l2ZV9zcGFjaW5nIiwic2VsZWN0b3JfaWQiOiI2MzUxNGM4MjYwOTU4Iiwic2hvcnRjb2RlIjoidmNfY29sdW1uIiwiZGF0YSI6eyJ0YWJsZXQiOnt9LCJtb2JpbGUiOnt9fX0=\u00a0\u00bb mobile_reset_margin=\u00a0\u00bbno\u00a0\u00bb tablet_reset_margin=\u00a0\u00bbno\u00a0\u00bb wd_z_index=\u00a0\u00bbno\u00a0\u00bb]\n\t\t<div id=\"wd-69ca4d3e39431\" class=\"title-wrapper wd-wpb wd-set-mb reset-last-child  wd-rs-69ca4d3e39431 wd-title-color-default wd-title-style-default text-center  wd-underline-colored\">\n\t\t\t\n\t\t\t<div class=\"liner-continer\">\n\t\t\t\t<h4 class=\"woodmart-title-container title  wd-font-weight- wd-fontsize-l\" >Syst\u00e8me Microphone Sans Fil UHF BNK Double Canal \u2013 2 Micros Main avec Sorties XLR pour Karaok\u00e9, Conf\u00e9rence et Sonorisation<\/h4>\n\t\t\t\t\t\t\t<\/div>\n\t\t\t\n\t\t\t\n\t\t\t\n\t\t<\/div>\n\t\t\n\t\t\t\t<div id=\"wd-69ca50d1504ae\" class=\"wd-image wd-wpb wd-rs-69ca50d1504ae text-center \">\n\t\t\t\n\t\t\t<img loading=\"lazy\" decoding=\"async\" width=\"300\" height=\"300\" src=\"https:\/\/prosataudio.tn\/wp-content\/uploads\/2026\/03\/BK201-1-300x300.png\" class=\"attachment-medium size-medium\" alt=\"\" srcset=\"https:\/\/prosataudio.tn\/wp-content\/uploads\/2026\/03\/BK201-1-300x300.png 300w, https:\/\/prosataudio.tn\/wp-content\/uploads\/2026\/03\/BK201-1-150x150.png 150w, https:\/\/prosataudio.tn\/wp-content\/uploads\/2026\/03\/BK201-1-768x768.png 768w, https:\/\/prosataudio.tn\/wp-content\/uploads\/2026\/03\/BK201-1-600x600.png 600w, https:\/\/prosataudio.tn\/wp-content\/uploads\/2026\/03\/BK201-1.png 800w\" sizes=\"auto, (max-width: 300px) 100vw, 300px\" \/>\n\t\t\t\t\t<\/div>\n\t\t\t\t<div id=\"wd-69ca50a35f055\" class=\"wd-text-block wd-wpb reset-last-child wd-rs-69ca50a35f055 text-left vc_custom_1774866607938\">\n\t\t\t<p class=\"ds-markdown-paragraph\">Syst\u00e8me micro-cravate (lavalier) sans fil <strong>double canal UHF<\/strong>, sp\u00e9cialement con\u00e7u pour les <strong>interviews, les tournages vid\u00e9o<\/strong> et les connexions sur <strong>cam\u00e9ra, cam\u00e9scope ou smartphone<\/strong>. Avec sa construction m\u00e9tallique robuste, sa port\u00e9e de 40-50 m\u00e8tres et sa qualit\u00e9 audio professionnelle, il est id\u00e9al pour les vid\u00e9astes, les journalistes et les cr\u00e9ateurs de contenu.<\/p>\n<p class=\"ds-markdown-paragraph\"><strong>Description longue et d\u00e9taill\u00e9e :<\/strong><br \/>\nLe syst\u00e8me micro-cravate sans fil <strong>BNK BK-201<\/strong>&nbsp;est une solution audio professionnelle compacte et fiable, sp\u00e9cialement con\u00e7ue pour les applications mobiles et les tournages. Avec son r\u00e9cepteur double canal et ses deux micros-cravate, il permet de capturer deux sources audio simultan\u00e9ment, parfait pour les interviews ou les dialogues.<\/p>\n<ul>\n<li>\n<p class=\"ds-markdown-paragraph\"><strong>Syst\u00e8me Double Canal pour Dialogues et Interviews :<\/strong> Ce syst\u00e8me comprend <strong>2 micros-cravate (lavalier)<\/strong> et un r\u00e9cepteur <strong>double canal<\/strong>, permettant d&rsquo;enregistrer deux intervenants simultan\u00e9ment. Id\u00e9al pour les interviews, les podcasts ou les tournages vid\u00e9o avec plusieurs participants.<\/p>\n<\/li>\n<li>\n<p class=\"ds-markdown-paragraph\"><strong>Transmission UHF Stable :<\/strong> Fonctionnant sur la bande <strong>UHF (500-700MHz)<\/strong> , il offre une meilleure stabilit\u00e9 et moins d&rsquo;interf\u00e9rences que les syst\u00e8mes 2.4GHz. La port\u00e9e de <strong>40 \u00e0 50 m\u00e8tres<\/strong> permet une libert\u00e9 de mouvement appr\u00e9ciable.<\/p>\n<\/li>\n<li>\n<p class=\"ds-markdown-paragraph\"><strong>Qualit\u00e9 Audio Professionnelle :<\/strong><\/p>\n<ul>\n<li>\n<p class=\"ds-markdown-paragraph\">R\u00e9ponse en fr\u00e9quence de <strong>50Hz \u00e0 15kHz<\/strong>, parfaitement adapt\u00e9e \u00e0 la reproduction vocale.<\/p>\n<\/li>\n<li>\n<p class=\"ds-markdown-paragraph\">Sensibilit\u00e9 de r\u00e9ception \u00e9lev\u00e9e de <strong>&gt;-80dB<\/strong> pour une captation fiable.<\/p>\n<\/li>\n<li>\n<p class=\"ds-markdown-paragraph\">Capsules <strong>dynamiques<\/strong> avec directivit\u00e9 <strong>cardio\u00efde<\/strong> pour r\u00e9duire les bruits de fond.<\/p>\n<\/li>\n<\/ul>\n<\/li>\n<li>\n<p class=\"ds-markdown-paragraph\"><strong>Connectique Polyvalente :<\/strong> Le r\u00e9cepteur est \u00e9quip\u00e9 de <strong>sorties XLR<\/strong> (probablement) pour une connexion professionnelle aux cam\u00e9ras, cam\u00e9scopes, tables de mixage ou enceintes. Adapt\u00e9 \u00e9galement pour smartphone avec l&rsquo;adaptateur appropri\u00e9.<\/p>\n<\/li>\n<li>\n<p class=\"ds-markdown-paragraph\"><strong>Construction Robuste :<\/strong> L&rsquo;\u00e9metteur est fabriqu\u00e9 en <strong>m\u00e9tal avec affichage<\/strong>, garantissant une excellente r\u00e9sistance et une visualisation claire des informations (autonomie, canal, signal).<\/p>\n<\/li>\n<li>\n<p class=\"ds-markdown-paragraph\"><strong>Applications Id\u00e9ales :<\/strong><\/p>\n<ul>\n<li>\n<p class=\"ds-markdown-paragraph\"><strong>Interviews et reportages<\/strong> : Pour les journalistes et vid\u00e9astes.<\/p>\n<\/li>\n<li>\n<p class=\"ds-markdown-paragraph\"><strong>Tournages vid\u00e9o<\/strong> : Id\u00e9al pour les films, les clips ou les vid\u00e9os promotionnelles.<\/p>\n<\/li>\n<li>\n<p class=\"ds-markdown-paragraph\"><strong>Podcasts et cr\u00e9ateurs de contenu<\/strong> : Pour une captation audio de qualit\u00e9.<\/p>\n<\/li>\n<li>\n<p class=\"ds-markdown-paragraph\"><strong>Conf\u00e9rences et pr\u00e9sentations<\/strong> : Solution discr\u00e8te pour les orateurs.<\/p>\n<\/li>\n<li>\n<p class=\"ds-markdown-paragraph\"><strong>\u00c9glises et lieux de culte<\/strong> : Pour les sermons et les lectures.<\/p>\n<\/li>\n<\/ul>\n<\/li>\n<\/ul>\n<p>&nbsp;<\/p>\n\t\t<\/div>\n\t\t[\/vc_column][\/vc_row]<\/p>\n<\/div>","protected":false},"excerpt":{"rendered":"<p>Le <strong data-start=\"558\" data-end=\"627\">syst\u00e8me microphone sans fil UHF BNK double canal avec sorties XLR<\/strong> est une solution professionnelle con\u00e7ue pour offrir une qualit\u00e9 audio sup\u00e9rieure et une transmission stable.<\/p>\n","protected":false},"featured_media":7977,"template":"","meta":[],"product_brand":[392],"product_cat":[265,264,248,249],"product_tag":[341,409,401,406,410,405],"class_list":{"0":"post-7976","1":"product","2":"type-product","3":"status-publish","4":"has-post-thumbnail","6":"product_brand-bnk","7":"product_cat-micro-sans-fil-a-man","8":"product_cat-microphone","9":"product_cat-sonorisation","10":"product_cat-sonorisation-live","11":"product_tag-karaoke","12":"product_tag-mosquee","13":"product_tag-sonorisation","14":"product_tag-systeme-uhf","15":"product_tag-uhf","16":"product_tag-wireless","18":"first","19":"instock","20":"taxable","21":"shipping-taxable","22":"purchasable","23":"product-type-simple"},"_links":{"self":[{"href":"https:\/\/prosataudio.tn\/index.php?rest_route=\/wp\/v2\/product\/7976","targetHints":{"allow":["GET"]}}],"collection":[{"href":"https:\/\/prosataudio.tn\/index.php?rest_route=\/wp\/v2\/product"}],"about":[{"href":"https:\/\/prosataudio.tn\/index.php?rest_route=\/wp\/v2\/types\/product"}],"wp:featuredmedia":[{"embeddable":true,"href":"https:\/\/prosataudio.tn\/index.php?rest_route=\/wp\/v2\/media\/7977"}],"wp:attachment":[{"href":"https:\/\/prosataudio.tn\/index.php?rest_route=%2Fwp%2Fv2%2Fmedia&parent=7976"}],"wp:term":[{"taxonomy":"product_brand","embeddable":true,"href":"https:\/\/prosataudio.tn\/index.php?rest_route=%2Fwp%2Fv2%2Fproduct_brand&post=7976"},{"taxonomy":"product_cat","embeddable":true,"href":"https:\/\/prosataudio.tn\/index.php?rest_route=%2Fwp%2Fv2%2Fproduct_cat&post=7976"},{"taxonomy":"product_tag","embeddable":true,"href":"https:\/\/prosataudio.tn\/index.php?rest_route=%2Fwp%2Fv2%2Fproduct_tag&post=7976"}],"curies":[{"name":"wp","href":"https:\/\/api.w.org\/{rel}","templated":true}]}}